{"id":204,"date":"2017-09-18T14:59:03","date_gmt":"2017-09-18T11:59:03","guid":{"rendered":"https:\/\/www.valgevilla.ee\/?page_id=204"},"modified":"2020-04-14T20:50:17","modified_gmt":"2020-04-14T17:50:17","slug":"home","status":"publish","type":"page","link":"https:\/\/www.valgevilla.ee\/en\/","title":{"rendered":"Home"},"content":{"rendered":"<div class=\"wpb-content-wrapper\">[vc_row css=&#8221;.vc_custom_1504789814700{margin-bottom: 50px !important;}&#8221;][vc_column][rev_slider_vc alias=&#8221;avaleht&#8221;][\/vc_column][\/vc_row][vc_row css=&#8221;.vc_custom_1504865770781{margin-top: 40px !important;}&#8221;][vc_column width=&#8221;1\/2&#8243; css=&#8221;.vc_custom_1504789824341{margin-bottom: 30px !important;}&#8221;][rev_slider_vc alias=&#8221;pildid-esileht&#8221;][\/vc_column][vc_column width=&#8221;1\/2&#8243;][vc_custom_heading text=&#8221;Contact-free accommodation in Toila&#8221; font_container=&#8221;tag:h1|font_size:35px|text_align:center|color:%234e4e4e|line_height:38px&#8221; use_theme_fonts=&#8221;yes&#8221;]<div class=\"separator-wrap-1\"><style type=\"text\/css\" scoped=\"scoped\">.separator-wrap-1 .separator-el {padding-top: 10px;padding-bottom: 10px;}.separator-wrap-1 .separator-el .line{}.separator-wrap-1 .line, .separator-wrap-1 .separator-el-left, .separator-wrap-1 .separator-el-right {background-color:#dad4ba;}<\/style><div class=\"separator-el relative \"><div class=\"line w-10 h-1 bg-gray-700 mx-auto \"><\/div><\/div><\/div>[vc_column_text]\n<ul>\n<li>Located at the fringe of the historic Toila Oru park (Valley Park)<\/li>\n<li>We have no on-site reception to ensure maximum privacy of our guests but we are always available via e-mail and by phone<\/li>\n<li>Perfect for a memorable family vacation or romantic couple vacation<\/li>\n<li>Very private and quiet environment<\/li>\n<li>Splendid resort for escaping everyday life<\/li>\n<li>Modern interior<\/li>\n<li>In the middle of nature<\/li>\n<li>Park\/forest trails\/sea\/beach\/fresh air<\/li>\n<li>Spa thrills and Mio Mare restaurant are in walking distance at Toila Spa<\/li>\n<li>World-class culture and art experiences at J\u00f5hvi Concert Hall<\/li>\n<\/ul>\n<p>Welcome to Toila Valgevilla![\/vc_column_text][\/vc_column][\/vc_row][vc_row css=&#8221;.vc_custom_1504865695808{margin-top: 50px !important;margin-bottom: 50px !important;padding-top: 65px !important;padding-bottom: 65px !important;background-image: url(https:\/\/www.valgevilla.ee\/wp-content\/uploads\/2017\/09\/booking.jpg?id=77) !important;}&#8221;][vc_column][vc_custom_heading text=&#8221;We are well appreciated among our guests!&#8221; font_container=&#8221;tag:h2|font_size:28px|text_align:center|color:%234e4e4e|line_height:33px&#8221; use_theme_fonts=&#8221;yes&#8221;]<div class=\"separator-wrap-2\"><style type=\"text\/css\" scoped=\"scoped\">.separator-wrap-2 .separator-el {padding-top: 10px;padding-bottom: 50px;}.separator-wrap-2 .separator-el .line{}.separator-wrap-2 .line, .separator-wrap-2 .separator-el-left, .separator-wrap-2 .separator-el-right {background-color:#dad4ba;}<\/style><div class=\"separator-el relative \"><div class=\"line w-10 h-1 bg-gray-700 mx-auto \"><\/div><\/div><\/div>[vc_row_inner el_class=&#8221;arvustus&#8221;][vc_column_inner width=&#8221;1\/6&#8243;][vc_single_image image=&#8221;75&#8243; img_size=&#8221;full&#8221; alignment=&#8221;center&#8221; css=&#8221;.vc_custom_1504865007631{padding-top: 7px !important;}&#8221;][\/vc_column_inner][vc_column_inner width=&#8221;2\/3&#8243;][vc_custom_heading text=&#8221;Booking reviews&#8221; font_container=&#8221;tag:h3|font_size:20px|text_align:left|color:%234e4e4e|line_height:25px&#8221; use_theme_fonts=&#8221;yes&#8221;][vc_column_text]Many of our guests have left us feedback on booking.com accommodation portal and the average rate is <span style=\"color: #ff8711;\"><strong>9,8<\/strong><\/span>. For us, this is a great compliment and inspiration. Thank you![\/vc_column_text][\/vc_column_inner][vc_column_inner width=&#8221;1\/6&#8243;][vc_single_image image=&#8221;76&#8243; img_size=&#8221;full&#8221; alignment=&#8221;center&#8221; onclick=&#8221;custom_link&#8221; img_link_target=&#8221;_blank&#8221; css=&#8221;.vc_custom_1504865091998{padding-top: 25px !important;}&#8221; link=&#8221;https:\/\/www.booking.com\/hotel\/ee\/toila-valgevilla-apartments.et.html?label=gen173nr-1BCAsoQkIbdG9pbGEtdmFsZ2V2aWxsYS1hcGFydG1lbnRzSDNiBW5vcmVmaEKIAQGYAQu4AQfIAQzYAQHoAQGSAgF5qAID;sid=7c338b11a138f3462b0688e82acfbc8f;dist=0&amp;sb_price_type=total&amp;type=total-reviews&#8221;][\/vc_column_inner][\/vc_row_inner][vc_row_inner el_class=&#8221;arvustus&#8221;][vc_column_inner width=&#8221;1\/6&#8243;][vc_single_image image=&#8221;74&#8243; img_size=&#8221;full&#8221; alignment=&#8221;center&#8221;][\/vc_column_inner][vc_column_inner width=&#8221;2\/3&#8243;][vc_custom_heading text=&#8221;Airbnb reviews&#8221; font_container=&#8221;tag:h3|font_size:20px|text_align:left|color:%234e4e4e|line_height:25px&#8221; use_theme_fonts=&#8221;yes&#8221;][vc_column_text]We are only young Airbnb portal users but many seekers of accommodation already save Valgevilla to their accommodation lists.[\/vc_column_text][\/vc_column_inner][vc_column_inner width=&#8221;1\/6&#8243;][vc_single_image image=&#8221;73&#8243; img_size=&#8221;full&#8221; alignment=&#8221;center&#8221; onclick=&#8221;custom_link&#8221; img_link_target=&#8221;_blank&#8221; link=&#8221;https:\/\/www.airbnb.com\/rooms\/19065069#reviews&#8221; css=&#8221;.vc_custom_1504865153356{padding-top: 25px !important;}&#8221;][\/vc_column_inner][\/vc_row_inner][vc_button title=&#8221;Read, what our guests have written about us.&#8221; shape=&#8221;rounded&#8221; color=&#8221;custom&#8221; custom_font_size=&#8221;15px&#8221; custom_line_height=&#8221;18px&#8221; custom_font_weight=&#8221;600&#8243; custom_letter_spacing=&#8221;0px&#8221; custom_text_color=&#8221;#000000&#8243; custom_color=&#8221;transparent&#8221; custom_border_color=&#8221;#000000&#8243; custom_color_hover=&#8221;#000000&#8243; custom_border_color_hover=&#8221;#000000&#8243; href=&#8221;https:\/\/www.valgevilla.ee\/en\/feedback\/&#8221; el_class=&#8221;loe-arvustusi&#8221;][\/vc_column][\/vc_row][vc_row css=&#8221;.vc_custom_1504867338065{margin-top: 40px !important;margin-bottom: 5px !important;}&#8221;][vc_column][vc_custom_heading text=&#8221;Valgevilla vicinity&#8221; font_container=&#8221;tag:h3|font_size:28px|text_align:center|color:%234e4e4e|line_height:33px&#8221; use_theme_fonts=&#8221;yes&#8221;]<div class=\"separator-wrap-3\"><style type=\"text\/css\" scoped=\"scoped\">.separator-wrap-3 .separator-el {padding-top: 10px;padding-bottom: 30px;}.separator-wrap-3 .separator-el .line{}.separator-wrap-3 .line, .separator-wrap-3 .separator-el-left, .separator-wrap-3 .separator-el-right {background-color:#dad4ba;}<\/style><div class=\"separator-el relative \"><div class=\"line w-10 h-1 bg-gray-700 mx-auto \"><\/div><\/div><\/div>[\/vc_column][\/vc_row][vc_row][vc_column width=&#8221;1\/6&#8243;][\/vc_column][vc_column width=&#8221;2\/3&#8243;][vc_row_inner][vc_column_inner width=&#8221;1\/2&#8243; css=&#8221;.vc_custom_1505908432366{margin-bottom: 30px !important;}&#8221;][vc_column_text el_class=&#8221;pildipeal&#8221;]Toila[\/vc_column_text][vc_single_image image=&#8221;92&#8243; img_size=&#8221;full&#8221; alignment=&#8221;center&#8221;][vc_column_text el_class=&#8221;lahiymbrus&#8221;]\n<p style=\"text-align: center;\">Read more about the exiting things to do at Toila. This page gives you an overview of local spas, dining options, tourist attractions and events<\/p>\n<p style=\"text-align: center;\"><a href=\"https:\/\/www.valgevilla.ee\/en\/what-to-do-in-toila\/\"><strong>READ MORE<\/strong><\/a><\/p>\n[\/vc_column_text][\/vc_column_inner][vc_column_inner width=&#8221;1\/2&#8243; css=&#8221;.vc_custom_1505908442526{margin-bottom: 30px !important;}&#8221;][vc_column_text el_class=&#8221;pildipeal&#8221;]Ida-Virumaa[\/vc_column_text][vc_single_image image=&#8221;91&#8243; img_size=&#8221;full&#8221; alignment=&#8221;center&#8221;][vc_column_text el_class=&#8221;lahiymbrus&#8221;]\n<p style=\"text-align: center;\">Read more about the exiting things to do at Ida-Virumaa. This page gives you an overview of local spas, dining options, tourist attractions and events<\/p>\n<p style=\"text-align: center;\"><a href=\"https:\/\/www.valgevilla.ee\/en\/what-to-do-in-ida-virumaa\/\"><strong>READ MORE<\/strong><\/a><\/p>\n[\/vc_column_text][\/vc_column_inner][\/vc_row_inner][\/vc_column][vc_column width=&#8221;1\/6&#8243;][\/vc_column][\/vc_row]\n<\/div>","protected":false},"excerpt":{"rendered":"<p>[vc_row css=&#8221;.vc_custom_1504789814700{margin-bottom: 50px !important;}&#8221;][vc_column][rev_slider_vc alias=&#8221;avaleht&#8221;][\/vc_column][\/vc_row][vc_row css=&#8221;.vc_custom_1504865770781{margin-top: 40px !important;}&#8221;][vc_column width=&#8221;1\/2&#8243; css=&#8221;.vc_custom_1504789824341{margin-bottom: 30px !important;}&#8221;][rev_slider_vc alias=&#8221;pildid-esileht&#8221;][\/vc_column][vc_column width=&#8221;1\/2&#8243;][vc_custom_heading text=&#8221;Contact-free accommodation in Toila&#8221; font_container=&#8221;tag:h1|font_size:35px|text_align:center|color:%234e4e4e|line_height:38px&#8221; use_theme_fonts=&#8221;yes&#8221;][vc_column_text] Located at the fringe of the historic Toila Oru park (Valley Park) We have no on-site reception to ensure maximum privacy of our guests but we are always available via e-mail and by phone Perfect&#8230;<\/p>\n","protected":false},"author":1,"featured_media":0,"parent":0,"menu_order":0,"comment_status":"closed","ping_status":"closed","template":"page-full.php","meta":{"footnotes":""},"class_list":["post-204","page","type-page","status-publish","hentry"],"yoast_head":"<!-- This site is optimized with the Yoast SEO plugin v24.4 - https:\/\/yoast.com\/wordpress\/plugins\/seo\/ -->\n<title>Home - Valgevilla | kontaktivaba Toila majutus<\/title>\n<meta name=\"description\" content=\"Valgevilla pakub majutust Toilas. Meil on kaks k\u00fclaliskorterit, mis pakuvad meeldej\u00e4\u00e4vat puhkust Ida-Virumaal!\" \/>\n<meta name=\"robots\" content=\"index, follow, max-snippet:-1, max-image-preview:large, max-video-preview:-1\" \/>\n<link rel=\"canonical\" href=\"https:\/\/www.valgevilla.ee\/\" \/>\n<meta property=\"og:locale\" content=\"en_US\" \/>\n<meta property=\"og:type\" content=\"article\" \/>\n<meta property=\"og:title\" content=\"Home - Valgevilla | kontaktivaba Toila majutus\" \/>\n<meta property=\"og:description\" content=\"Valgevilla pakub majutust Toilas. Meil on kaks k\u00fclaliskorterit, mis pakuvad meeldej\u00e4\u00e4vat puhkust Ida-Virumaal!\" \/>\n<meta property=\"og:url\" content=\"https:\/\/www.valgevilla.ee\/\" \/>\n<meta property=\"og:site_name\" content=\"Valgevilla | kontaktivaba Toila majutus\" \/>\n<meta property=\"article:modified_time\" content=\"2020-04-14T17:50:17+00:00\" \/>\n<meta name=\"twitter:card\" content=\"summary_large_image\" \/>\n<meta name=\"twitter:label1\" content=\"Est. reading time\" \/>\n\t<meta name=\"twitter:data1\" content=\"4 minutes\" \/>\n<script type=\"application\/ld+json\" class=\"yoast-schema-graph\">{\"@context\":\"https:\/\/schema.org\",\"@graph\":[{\"@type\":\"WebPage\",\"@id\":\"https:\/\/www.valgevilla.ee\/\",\"url\":\"https:\/\/www.valgevilla.ee\/\",\"name\":\"Home - Valgevilla | kontaktivaba Toila majutus\",\"isPartOf\":{\"@id\":\"https:\/\/www.valgevilla.ee\/#website\"},\"datePublished\":\"2017-09-18T11:59:03+00:00\",\"dateModified\":\"2020-04-14T17:50:17+00:00\",\"description\":\"Valgevilla pakub majutust Toilas. Meil on kaks k\u00fclaliskorterit, mis pakuvad meeldej\u00e4\u00e4vat puhkust Ida-Virumaal!\",\"breadcrumb\":{\"@id\":\"https:\/\/www.valgevilla.ee\/#breadcrumb\"},\"inLanguage\":\"en-US\",\"potentialAction\":[{\"@type\":\"ReadAction\",\"target\":[\"https:\/\/www.valgevilla.ee\/\"]}]},{\"@type\":\"BreadcrumbList\",\"@id\":\"https:\/\/www.valgevilla.ee\/#breadcrumb\",\"itemListElement\":[{\"@type\":\"ListItem\",\"position\":1,\"name\":\"Home\",\"item\":\"https:\/\/www.valgevilla.ee\/\"},{\"@type\":\"ListItem\",\"position\":2,\"name\":\"Home\"}]},{\"@type\":\"WebSite\",\"@id\":\"https:\/\/www.valgevilla.ee\/#website\",\"url\":\"https:\/\/www.valgevilla.ee\/\",\"name\":\"Valgevilla | kontaktivaba Toila majutus\",\"description\":\"Kontaktivaba majutus Toilas | Toila Spa hotell\",\"potentialAction\":[{\"@type\":\"SearchAction\",\"target\":{\"@type\":\"EntryPoint\",\"urlTemplate\":\"https:\/\/www.valgevilla.ee\/?s={search_term_string}\"},\"query-input\":{\"@type\":\"PropertyValueSpecification\",\"valueRequired\":true,\"valueName\":\"search_term_string\"}}],\"inLanguage\":\"en-US\"}]}<\/script>\n<!-- \/ Yoast SEO plugin. -->","yoast_head_json":{"title":"Home - Valgevilla | kontaktivaba Toila majutus","description":"Valgevilla pakub majutust Toilas. Meil on kaks k\u00fclaliskorterit, mis pakuvad meeldej\u00e4\u00e4vat puhkust Ida-Virumaal!","robots":{"index":"index","follow":"follow","max-snippet":"max-snippet:-1","max-image-preview":"max-image-preview:large","max-video-preview":"max-video-preview:-1"},"canonical":"https:\/\/www.valgevilla.ee\/","og_locale":"en_US","og_type":"article","og_title":"Home - Valgevilla | kontaktivaba Toila majutus","og_description":"Valgevilla pakub majutust Toilas. Meil on kaks k\u00fclaliskorterit, mis pakuvad meeldej\u00e4\u00e4vat puhkust Ida-Virumaal!","og_url":"https:\/\/www.valgevilla.ee\/","og_site_name":"Valgevilla | kontaktivaba Toila majutus","article_modified_time":"2020-04-14T17:50:17+00:00","twitter_card":"summary_large_image","twitter_misc":{"Est. reading time":"4 minutes"},"schema":{"@context":"https:\/\/schema.org","@graph":[{"@type":"WebPage","@id":"https:\/\/www.valgevilla.ee\/","url":"https:\/\/www.valgevilla.ee\/","name":"Home - Valgevilla | kontaktivaba Toila majutus","isPartOf":{"@id":"https:\/\/www.valgevilla.ee\/#website"},"datePublished":"2017-09-18T11:59:03+00:00","dateModified":"2020-04-14T17:50:17+00:00","description":"Valgevilla pakub majutust Toilas. Meil on kaks k\u00fclaliskorterit, mis pakuvad meeldej\u00e4\u00e4vat puhkust Ida-Virumaal!","breadcrumb":{"@id":"https:\/\/www.valgevilla.ee\/#breadcrumb"},"inLanguage":"en-US","potentialAction":[{"@type":"ReadAction","target":["https:\/\/www.valgevilla.ee\/"]}]},{"@type":"BreadcrumbList","@id":"https:\/\/www.valgevilla.ee\/#breadcrumb","itemListElement":[{"@type":"ListItem","position":1,"name":"Home","item":"https:\/\/www.valgevilla.ee\/"},{"@type":"ListItem","position":2,"name":"Home"}]},{"@type":"WebSite","@id":"https:\/\/www.valgevilla.ee\/#website","url":"https:\/\/www.valgevilla.ee\/","name":"Valgevilla | kontaktivaba Toila majutus","description":"Kontaktivaba majutus Toilas | Toila Spa hotell","potentialAction":[{"@type":"SearchAction","target":{"@type":"EntryPoint","urlTemplate":"https:\/\/www.valgevilla.ee\/?s={search_term_string}"},"query-input":{"@type":"PropertyValueSpecification","valueRequired":true,"valueName":"search_term_string"}}],"inLanguage":"en-US"}]}},"_links":{"self":[{"href":"https:\/\/www.valgevilla.ee\/en\/wp-json\/wp\/v2\/pages\/204","targetHints":{"allow":["GET"]}}],"collection":[{"href":"https:\/\/www.valgevilla.ee\/en\/wp-json\/wp\/v2\/pages"}],"about":[{"href":"https:\/\/www.valgevilla.ee\/en\/wp-json\/wp\/v2\/types\/page"}],"author":[{"embeddable":true,"href":"https:\/\/www.valgevilla.ee\/en\/wp-json\/wp\/v2\/users\/1"}],"replies":[{"embeddable":true,"href":"https:\/\/www.valgevilla.ee\/en\/wp-json\/wp\/v2\/comments?post=204"}],"version-history":[{"count":8,"href":"https:\/\/www.valgevilla.ee\/en\/wp-json\/wp\/v2\/pages\/204\/revisions"}],"predecessor-version":[{"id":737,"href":"https:\/\/www.valgevilla.ee\/en\/wp-json\/wp\/v2\/pages\/204\/revisions\/737"}],"wp:attachment":[{"href":"https:\/\/www.valgevilla.ee\/en\/wp-json\/wp\/v2\/media?parent=204"}],"curies":[{"name":"wp","href":"https:\/\/api.w.org\/{rel}","templated":true}]}}