{"id":208,"date":"2017-09-18T15:05:11","date_gmt":"2017-09-18T12:05:11","guid":{"rendered":"https:\/\/www.valgevilla.ee\/?page_id=208"},"modified":"2017-09-20T15:07:34","modified_gmt":"2017-09-20T12:07:34","slug":"gallery","status":"publish","type":"page","link":"https:\/\/www.valgevilla.ee\/en\/gallery\/","title":{"rendered":"Gallery"},"content":{"rendered":"<div class=\"wpb-content-wrapper\">[vc_row][vc_column][vc_custom_heading text=&#8221;Gallery&#8221; font_container=&#8221;tag:h1|font_size:50px|text_align:left|color:%23ffffff|line_height:55px&#8221; google_fonts=&#8221;font_family:Quicksand%3A300%2Cregular%2C700|font_style:400%20regular%3A400%3Anormal&#8221;][\/vc_column][\/vc_row][vc_row css=&#8221;.vc_custom_1505127158770{margin-bottom: 40px !important;}&#8221;][vc_column][vc_raw_html]JTNDaWZyYW1lJTIwd2lkdGglM0QlMjIxMDAlMjUlMjIlMjBoZWlnaHQlM0QlMjI0MDBweCUyMiUyMHNyYyUzRCUyMmh0dHBzJTNBJTJGJTJGbXkubWF0dGVycG9ydC5jb20lMkZzaG93JTJGJTNGbSUzREozOGJwenZTVkxoJTIyJTIwZnJhbWVib3JkZXIlM0QlMjIwJTIyJTIwYWxsb3dmdWxsc2NyZWVuJTNFJTNDJTJGaWZyYW1lJTNF[\/vc_raw_html][vc_gallery type=&#8221;image_grid&#8221; images=&#8221;99,101,103,105,107,109,108,106,111,110,104,102,100&#8243; img_size=&#8221;188&#215;130&#8243; el_class=&#8221;pildid&#8221;][\/vc_column][\/vc_row][vc_row][vc_column][vc_raw_html]JTNDaWZyYW1lJTIwd2lkdGglM0QlMjIxMDAlMjUlMjIlMjBoZWlnaHQlM0QlMjI0MDBweCUyMiUyMHNyYyUzRCUyMmh0dHBzJTNBJTJGJTJGbXkubWF0dGVycG9ydC5jb20lMkZzaG93JTJGJTNGbSUzRFJVSzU5OFN6MjZYJTIyJTIwZnJhbWVib3JkZXIlM0QlMjIwJTIyJTIwYWxsb3dmdWxsc2NyZWVuJTNFJTNDJTJGaWZyYW1lJTNF[\/vc_raw_html][vc_gallery type=&#8221;image_grid&#8221; images=&#8221;120,119,121,129,128,127,124,123,122,118,117,130,131,125,126,134,133,132&#8243; img_size=&#8221;188&#215;130&#8243; el_class=&#8221;pildid&#8221;][\/vc_column][\/vc_row]\n<\/div>","protected":false},"excerpt":{"rendered":"<p>[vc_row][vc_column][vc_custom_heading text=&#8221;Gallery&#8221; font_container=&#8221;tag:h1|font_size:50px|text_align:left|color:%23ffffff|line_height:55px&#8221; google_fonts=&#8221;font_family:Quicksand%3A300%2Cregular%2C700|font_style:400%20regular%3A400%3Anormal&#8221;][\/vc_column][\/vc_row][vc_row css=&#8221;.vc_custom_1505127158770{margin-bottom: 40px !important;}&#8221;][vc_column][vc_raw_html]JTNDaWZyYW1lJTIwd2lkdGglM0QlMjIxMDAlMjUlMjIlMjBoZWlnaHQlM0QlMjI0MDBweCUyMiUyMHNyYyUzRCUyMmh0dHBzJTNBJTJGJTJGbXkubWF0dGVycG9ydC5jb20lMkZzaG93JTJGJTNGbSUzREozOGJwenZTVkxoJTIyJTIwZnJhbWVib3JkZXIlM0QlMjIwJTIyJTIwYWxsb3dmdWxsc2NyZWVuJTNFJTNDJTJGaWZyYW1lJTNF[\/vc_raw_html][vc_gallery type=&#8221;image_grid&#8221; images=&#8221;99,101,103,105,107,109,108,106,111,110,104,102,100&#8243; img_size=&#8221;188&#215;130&#8243; el_class=&#8221;pildid&#8221;][\/vc_column][\/vc_row][vc_row][vc_column][vc_raw_html]JTNDaWZyYW1lJTIwd2lkdGglM0QlMjIxMDAlMjUlMjIlMjBoZWlnaHQlM0QlMjI0MDBweCUyMiUyMHNyYyUzRCUyMmh0dHBzJTNBJTJGJTJGbXkubWF0dGVycG9ydC5jb20lMkZzaG93JTJGJTNGbSUzRFJVSzU5OFN6MjZYJTIyJTIwZnJhbWVib3JkZXIlM0QlMjIwJTIyJTIwYWxsb3dmdWxsc2NyZWVuJTNFJTNDJTJGaWZyYW1lJTNF[\/vc_raw_html][vc_gallery type=&#8221;image_grid&#8221; images=&#8221;120,119,121,129,128,127,124,123,122,118,117,130,131,125,126,134,133,132&#8243; img_size=&#8221;188&#215;130&#8243; el_class=&#8221;pildid&#8221;][\/vc_column][\/vc_row]<\/p>\n","protected":false},"author":1,"featured_media":0,"parent":0,"menu_order":0,"comment_status":"closed","ping_status":"closed","template":"","meta":{"footnotes":""},"class_list":["post-208","page","type-page","status-publish","hentry"],"yoast_head":"<!-- This site is optimized with the Yoast SEO plugin v24.4 - https:\/\/yoast.com\/wordpress\/plugins\/seo\/ -->\n<title>Gallery - Valgevilla | kontaktivaba Toila majutus<\/title>\n<meta name=\"description\" content=\"Valgevilla pakub majutust Toilas. Meil on kaks k\u00fclaliskorterit, mis pakuvad meeldej\u00e4\u00e4vat puhkust Ida-Virumaal!\" \/>\n<meta name=\"robots\" content=\"index, follow, max-snippet:-1, max-image-preview:large, max-video-preview:-1\" \/>\n<link rel=\"canonical\" href=\"https:\/\/www.valgevilla.ee\/galerii\/\" \/>\n<meta property=\"og:locale\" content=\"en_US\" \/>\n<meta property=\"og:type\" content=\"article\" \/>\n<meta property=\"og:title\" content=\"Gallery - Valgevilla | kontaktivaba Toila majutus\" \/>\n<meta property=\"og:description\" content=\"Valgevilla pakub majutust Toilas. Meil on kaks k\u00fclaliskorterit, mis pakuvad meeldej\u00e4\u00e4vat puhkust Ida-Virumaal!\" \/>\n<meta property=\"og:url\" content=\"https:\/\/www.valgevilla.ee\/galerii\/\" \/>\n<meta property=\"og:site_name\" content=\"Valgevilla | kontaktivaba Toila majutus\" \/>\n<meta property=\"article:modified_time\" content=\"2017-09-20T12:07:34+00:00\" \/>\n<meta name=\"twitter:card\" content=\"summary_large_image\" \/>\n<meta name=\"twitter:label1\" content=\"Est. reading time\" \/>\n\t<meta name=\"twitter:data1\" content=\"1 minute\" \/>\n<script type=\"application\/ld+json\" class=\"yoast-schema-graph\">{\"@context\":\"https:\/\/schema.org\",\"@graph\":[{\"@type\":\"WebPage\",\"@id\":\"https:\/\/www.valgevilla.ee\/galerii\/\",\"url\":\"https:\/\/www.valgevilla.ee\/galerii\/\",\"name\":\"Gallery - Valgevilla | kontaktivaba Toila majutus\",\"isPartOf\":{\"@id\":\"https:\/\/www.valgevilla.ee\/#website\"},\"datePublished\":\"2017-09-18T12:05:11+00:00\",\"dateModified\":\"2017-09-20T12:07:34+00:00\",\"description\":\"Valgevilla pakub majutust Toilas. Meil on kaks k\u00fclaliskorterit, mis pakuvad meeldej\u00e4\u00e4vat puhkust Ida-Virumaal!\",\"breadcrumb\":{\"@id\":\"https:\/\/www.valgevilla.ee\/galerii\/#breadcrumb\"},\"inLanguage\":\"en-US\",\"potentialAction\":[{\"@type\":\"ReadAction\",\"target\":[\"https:\/\/www.valgevilla.ee\/galerii\/\"]}]},{\"@type\":\"BreadcrumbList\",\"@id\":\"https:\/\/www.valgevilla.ee\/galerii\/#breadcrumb\",\"itemListElement\":[{\"@type\":\"ListItem\",\"position\":1,\"name\":\"Home\",\"item\":\"https:\/\/www.valgevilla.ee\/\"},{\"@type\":\"ListItem\",\"position\":2,\"name\":\"Gallery\"}]},{\"@type\":\"WebSite\",\"@id\":\"https:\/\/www.valgevilla.ee\/#website\",\"url\":\"https:\/\/www.valgevilla.ee\/\",\"name\":\"Valgevilla | kontaktivaba Toila majutus\",\"description\":\"Kontaktivaba majutus Toilas | Toila Spa hotell\",\"potentialAction\":[{\"@type\":\"SearchAction\",\"target\":{\"@type\":\"EntryPoint\",\"urlTemplate\":\"https:\/\/www.valgevilla.ee\/?s={search_term_string}\"},\"query-input\":{\"@type\":\"PropertyValueSpecification\",\"valueRequired\":true,\"valueName\":\"search_term_string\"}}],\"inLanguage\":\"en-US\"}]}<\/script>\n<!-- \/ Yoast SEO plugin. -->","yoast_head_json":{"title":"Gallery - Valgevilla | kontaktivaba Toila majutus","description":"Valgevilla pakub majutust Toilas. Meil on kaks k\u00fclaliskorterit, mis pakuvad meeldej\u00e4\u00e4vat puhkust Ida-Virumaal!","robots":{"index":"index","follow":"follow","max-snippet":"max-snippet:-1","max-image-preview":"max-image-preview:large","max-video-preview":"max-video-preview:-1"},"canonical":"https:\/\/www.valgevilla.ee\/galerii\/","og_locale":"en_US","og_type":"article","og_title":"Gallery - Valgevilla | kontaktivaba Toila majutus","og_description":"Valgevilla pakub majutust Toilas. Meil on kaks k\u00fclaliskorterit, mis pakuvad meeldej\u00e4\u00e4vat puhkust Ida-Virumaal!","og_url":"https:\/\/www.valgevilla.ee\/galerii\/","og_site_name":"Valgevilla | kontaktivaba Toila majutus","article_modified_time":"2017-09-20T12:07:34+00:00","twitter_card":"summary_large_image","twitter_misc":{"Est. reading time":"1 minute"},"schema":{"@context":"https:\/\/schema.org","@graph":[{"@type":"WebPage","@id":"https:\/\/www.valgevilla.ee\/galerii\/","url":"https:\/\/www.valgevilla.ee\/galerii\/","name":"Gallery - Valgevilla | kontaktivaba Toila majutus","isPartOf":{"@id":"https:\/\/www.valgevilla.ee\/#website"},"datePublished":"2017-09-18T12:05:11+00:00","dateModified":"2017-09-20T12:07:34+00:00","description":"Valgevilla pakub majutust Toilas. Meil on kaks k\u00fclaliskorterit, mis pakuvad meeldej\u00e4\u00e4vat puhkust Ida-Virumaal!","breadcrumb":{"@id":"https:\/\/www.valgevilla.ee\/galerii\/#breadcrumb"},"inLanguage":"en-US","potentialAction":[{"@type":"ReadAction","target":["https:\/\/www.valgevilla.ee\/galerii\/"]}]},{"@type":"BreadcrumbList","@id":"https:\/\/www.valgevilla.ee\/galerii\/#breadcrumb","itemListElement":[{"@type":"ListItem","position":1,"name":"Home","item":"https:\/\/www.valgevilla.ee\/"},{"@type":"ListItem","position":2,"name":"Gallery"}]},{"@type":"WebSite","@id":"https:\/\/www.valgevilla.ee\/#website","url":"https:\/\/www.valgevilla.ee\/","name":"Valgevilla | kontaktivaba Toila majutus","description":"Kontaktivaba majutus Toilas | Toila Spa hotell","potentialAction":[{"@type":"SearchAction","target":{"@type":"EntryPoint","urlTemplate":"https:\/\/www.valgevilla.ee\/?s={search_term_string}"},"query-input":{"@type":"PropertyValueSpecification","valueRequired":true,"valueName":"search_term_string"}}],"inLanguage":"en-US"}]}},"_links":{"self":[{"href":"https:\/\/www.valgevilla.ee\/en\/wp-json\/wp\/v2\/pages\/208","targetHints":{"allow":["GET"]}}],"collection":[{"href":"https:\/\/www.valgevilla.ee\/en\/wp-json\/wp\/v2\/pages"}],"about":[{"href":"https:\/\/www.valgevilla.ee\/en\/wp-json\/wp\/v2\/types\/page"}],"author":[{"embeddable":true,"href":"https:\/\/www.valgevilla.ee\/en\/wp-json\/wp\/v2\/users\/1"}],"replies":[{"embeddable":true,"href":"https:\/\/www.valgevilla.ee\/en\/wp-json\/wp\/v2\/comments?post=208"}],"version-history":[{"count":5,"href":"https:\/\/www.valgevilla.ee\/en\/wp-json\/wp\/v2\/pages\/208\/revisions"}],"predecessor-version":[{"id":475,"href":"https:\/\/www.valgevilla.ee\/en\/wp-json\/wp\/v2\/pages\/208\/revisions\/475"}],"wp:attachment":[{"href":"https:\/\/www.valgevilla.ee\/en\/wp-json\/wp\/v2\/media?parent=208"}],"curies":[{"name":"wp","href":"https:\/\/api.w.org\/{rel}","templated":true}]}}