{"id":215,"date":"2017-09-18T15:30:54","date_gmt":"2017-09-18T12:30:54","guid":{"rendered":"https:\/\/www.valgevilla.ee\/?page_id=215"},"modified":"2017-09-20T14:58:38","modified_gmt":"2017-09-20T11:58:38","slug":"additional-services","status":"publish","type":"page","link":"https:\/\/www.valgevilla.ee\/en\/additional-services\/","title":{"rendered":"Additional services"},"content":{"rendered":"<div class=\"wpb-content-wrapper\">[vc_row][vc_column][vc_custom_heading text=&#8221;Additional services&#8221; font_container=&#8221;tag:h1|font_size:50px|text_align:left|color:%23ffffff|line_height:55px&#8221; google_fonts=&#8221;font_family:Quicksand%3A300%2Cregular%2C700|font_style:300%20light%20regular%3A300%3Anormal&#8221;][\/vc_column][\/vc_row][vc_row el_class=&#8221;rida&#8221;][vc_column width=&#8221;1\/3&#8243; el_class=&#8221;vasak&#8221;][vc_single_image image=&#8221;145&#8243; img_size=&#8221;full&#8221; css=&#8221;.vc_custom_1504962151410{margin-bottom: 20px !important;}&#8221;][\/vc_column][vc_column width=&#8221;2\/3&#8243; el_class=&#8221;parem&#8221;][vc_custom_heading text=&#8221;Bicycle rental&#8221; font_container=&#8221;tag:h2|font_size:20px|text_align:left|color:%234e4e4e|line_height:25px&#8221; use_theme_fonts=&#8221;yes&#8221;][vc_column_text css=&#8221;.vc_custom_1505737672659{margin-bottom: 20px !important;}&#8221;]Valgevilla offers a bike rental to its guests (10\u20ac bike\/day)[\/vc_column_text][\/vc_column][\/vc_row][vc_row el_class=&#8221;rida&#8221;][vc_column width=&#8221;1\/3&#8243; el_class=&#8221;vasak&#8221;][vc_single_image image=&#8221;144&#8243; img_size=&#8221;full&#8221; css=&#8221;.vc_custom_1504962169498{margin-bottom: 20px !important;}&#8221;][\/vc_column][vc_column width=&#8221;2\/3&#8243; el_class=&#8221;parem&#8221;][vc_custom_heading text=&#8221;Beauty services&#8221; font_container=&#8221;tag:h2|font_size:20px|text_align:left|color:%234e4e4e|line_height:25px&#8221; use_theme_fonts=&#8221;yes&#8221;][vc_column_text css=&#8221;.vc_custom_1505806757597{margin-bottom: 20px !important;}&#8221; el_class=&#8221;hinnakiri&#8221;]The first floor of Valgevilla accommodates \u201cNelli\u2019s massage and beauty\u201c room hosted by Nelli Vitkin. Nelli has 10 years of working experience at Toila Spa and the massage and procedures are available only by pre-booking over a phone +372 53815050 or by e-mail nelli.vitkin@mail.ee. Languages: Estonian, Russian. Valgevilla does not make appointments to \u201cNelli\u2019s massage and beauty room\u201d, please contact Nelli directly.<\/p>\n<p>Nelli\u2019s Beauty Room is usually open on Tuesdays and Wednesdays 10:00-16:00 o\u2019clock but available for the customers also at other times \u2013 the salon just asks to call in advance and make an appointment. As the personnel of the salon live in the nearest vicinity of Valgevilla, the customers and Valgevilla guests are welcome to ask an appointment also for evenings and weekends.<\/p>\n<p>Nelli\u2019s Beauty Room offers gift cards: card value as the customer wishes!<\/p>\n<p>You are welcome to enjoy therapeutic beauty and massage procedures!<\/p>\n<p>&nbsp;<\/p>\n<table width=\"438\">\n<tbody>\n<tr>\n<td width=\"275\">GUA SHA back therapy<\/td>\n<td width=\"163\">60-75\u2019\/\u20ac30<\/td>\n<\/tr>\n<tr>\n<td width=\"275\">GUA SHA facial<\/td>\n<td width=\"163\">60-75\u2019\/\u20ac30<\/td>\n<\/tr>\n<tr>\n<td width=\"275\">Relaxing back and neck massage<\/td>\n<td width=\"163\">50\u2019\/\u20ac20<\/td>\n<\/tr>\n<tr>\n<td width=\"275\">Rejuvenating complex facial and cleavage therapy or &#8220;Youth magic&#8221;<\/td>\n<td width=\"163\">75\u2019\/\u20ac30<\/td>\n<\/tr>\n<tr>\n<td width=\"275\">Cupping therapy<\/td>\n<td width=\"163\">60\u2019\/\u20ac30<\/td>\n<\/tr>\n<tr>\n<td width=\"275\">Hot paraffin treatment of hands<\/td>\n<td width=\"163\">30\u2019\/\u20ac12<\/td>\n<\/tr>\n<tr>\n<td width=\"275\">Pedicure (classical)<\/td>\n<td width=\"163\">50-75\u2019\/\u20ac20-25<\/td>\n<\/tr>\n<tr>\n<td width=\"275\">Manicure (classical)<\/td>\n<td width=\"163\">40-60\u2019\/\u20ac12-15<\/td>\n<\/tr>\n<tr>\n<td width=\"275\">Wax depilation (up to knee)<\/td>\n<td width=\"163\">40-50\u2019\/\u20ac20<\/td>\n<\/tr>\n<tr>\n<td width=\"275\">Facial hair removal<\/td>\n<td width=\"163\">30-45\u2019\/\u20ac10-20<\/td>\n<\/tr>\n<tr>\n<td width=\"275\">Chemical eyebrow and lash colouring<\/td>\n<td width=\"163\">20\u2019\/\u20ac10<\/td>\n<\/tr>\n<tr>\n<td width=\"275\">Eyebrow correction<\/td>\n<td width=\"163\">10-15\u2019\/\u20ac5<\/td>\n<\/tr>\n<\/tbody>\n<\/table>\n[\/vc_column_text][\/vc_column][\/vc_row]\n<\/div>","protected":false},"excerpt":{"rendered":"<p>[vc_row][vc_column][vc_custom_heading text=&#8221;Additional services&#8221; font_container=&#8221;tag:h1|font_size:50px|text_align:left|color:%23ffffff|line_height:55px&#8221; google_fonts=&#8221;font_family:Quicksand%3A300%2Cregular%2C700|font_style:300%20light%20regular%3A300%3Anormal&#8221;][\/vc_column][\/vc_row][vc_row el_class=&#8221;rida&#8221;][vc_column width=&#8221;1\/3&#8243; el_class=&#8221;vasak&#8221;][vc_single_image image=&#8221;145&#8243; img_size=&#8221;full&#8221; css=&#8221;.vc_custom_1504962151410{margin-bottom: 20px !important;}&#8221;][\/vc_column][vc_column width=&#8221;2\/3&#8243; el_class=&#8221;parem&#8221;][vc_custom_heading text=&#8221;Bicycle rental&#8221; font_container=&#8221;tag:h2|font_size:20px|text_align:left|color:%234e4e4e|line_height:25px&#8221; use_theme_fonts=&#8221;yes&#8221;][vc_column_text css=&#8221;.vc_custom_1505737672659{margin-bottom: 20px !important;}&#8221;]Valgevilla offers a bike rental to its guests (10\u20ac bike\/day)[\/vc_column_text][\/vc_column][\/vc_row][vc_row el_class=&#8221;rida&#8221;][vc_column width=&#8221;1\/3&#8243; el_class=&#8221;vasak&#8221;][vc_single_image image=&#8221;144&#8243; img_size=&#8221;full&#8221; css=&#8221;.vc_custom_1504962169498{margin-bottom: 20px !important;}&#8221;][\/vc_column][vc_column width=&#8221;2\/3&#8243; el_class=&#8221;parem&#8221;][vc_custom_heading text=&#8221;Beauty services&#8221; font_container=&#8221;tag:h2|font_size:20px|text_align:left|color:%234e4e4e|line_height:25px&#8221; use_theme_fonts=&#8221;yes&#8221;][vc_column_text css=&#8221;.vc_custom_1505806757597{margin-bottom: 20px !important;}&#8221; el_class=&#8221;hinnakiri&#8221;]The first floor of Valgevilla accommodates \u201cNelli\u2019s&#8230;<\/p>\n","protected":false},"author":1,"featured_media":0,"parent":0,"menu_order":0,"comment_status":"closed","ping_status":"closed","template":"","meta":{"footnotes":""},"class_list":["post-215","page","type-page","status-publish","hentry"],"yoast_head":"<!-- This site is optimized with the Yoast SEO plugin v24.4 - https:\/\/yoast.com\/wordpress\/plugins\/seo\/ -->\n<title>Additional services - Valgevilla | kontaktivaba Toila majutus<\/title>\n<meta name=\"description\" content=\"Valgevilla pakub majutust Toilas. Meil on kaks k\u00fclaliskorterit, mis pakuvad meeldej\u00e4\u00e4vat puhkust Ida-Virumaal!\" \/>\n<meta name=\"robots\" content=\"index, follow, max-snippet:-1, max-image-preview:large, max-video-preview:-1\" \/>\n<link rel=\"canonical\" href=\"https:\/\/www.valgevilla.ee\/lisateenused\/\" \/>\n<meta property=\"og:locale\" content=\"en_US\" \/>\n<meta property=\"og:type\" content=\"article\" \/>\n<meta property=\"og:title\" content=\"Additional services - Valgevilla | kontaktivaba Toila majutus\" \/>\n<meta property=\"og:description\" content=\"Valgevilla pakub majutust Toilas. Meil on kaks k\u00fclaliskorterit, mis pakuvad meeldej\u00e4\u00e4vat puhkust Ida-Virumaal!\" \/>\n<meta property=\"og:url\" content=\"https:\/\/www.valgevilla.ee\/lisateenused\/\" \/>\n<meta property=\"og:site_name\" content=\"Valgevilla | kontaktivaba Toila majutus\" \/>\n<meta property=\"article:modified_time\" content=\"2017-09-20T11:58:38+00:00\" \/>\n<meta name=\"twitter:card\" content=\"summary_large_image\" \/>\n<meta name=\"twitter:label1\" content=\"Est. reading time\" \/>\n\t<meta name=\"twitter:data1\" content=\"2 minutes\" \/>\n<script type=\"application\/ld+json\" class=\"yoast-schema-graph\">{\"@context\":\"https:\/\/schema.org\",\"@graph\":[{\"@type\":\"WebPage\",\"@id\":\"https:\/\/www.valgevilla.ee\/lisateenused\/\",\"url\":\"https:\/\/www.valgevilla.ee\/lisateenused\/\",\"name\":\"Additional services - Valgevilla | kontaktivaba Toila majutus\",\"isPartOf\":{\"@id\":\"https:\/\/www.valgevilla.ee\/#website\"},\"datePublished\":\"2017-09-18T12:30:54+00:00\",\"dateModified\":\"2017-09-20T11:58:38+00:00\",\"description\":\"Valgevilla pakub majutust Toilas. Meil on kaks k\u00fclaliskorterit, mis pakuvad meeldej\u00e4\u00e4vat puhkust Ida-Virumaal!\",\"breadcrumb\":{\"@id\":\"https:\/\/www.valgevilla.ee\/lisateenused\/#breadcrumb\"},\"inLanguage\":\"en-US\",\"potentialAction\":[{\"@type\":\"ReadAction\",\"target\":[\"https:\/\/www.valgevilla.ee\/lisateenused\/\"]}]},{\"@type\":\"BreadcrumbList\",\"@id\":\"https:\/\/www.valgevilla.ee\/lisateenused\/#breadcrumb\",\"itemListElement\":[{\"@type\":\"ListItem\",\"position\":1,\"name\":\"Home\",\"item\":\"https:\/\/www.valgevilla.ee\/\"},{\"@type\":\"ListItem\",\"position\":2,\"name\":\"Additional services\"}]},{\"@type\":\"WebSite\",\"@id\":\"https:\/\/www.valgevilla.ee\/#website\",\"url\":\"https:\/\/www.valgevilla.ee\/\",\"name\":\"Valgevilla | kontaktivaba Toila majutus\",\"description\":\"Kontaktivaba majutus Toilas | Toila Spa hotell\",\"potentialAction\":[{\"@type\":\"SearchAction\",\"target\":{\"@type\":\"EntryPoint\",\"urlTemplate\":\"https:\/\/www.valgevilla.ee\/?s={search_term_string}\"},\"query-input\":{\"@type\":\"PropertyValueSpecification\",\"valueRequired\":true,\"valueName\":\"search_term_string\"}}],\"inLanguage\":\"en-US\"}]}<\/script>\n<!-- \/ Yoast SEO plugin. -->","yoast_head_json":{"title":"Additional services - Valgevilla | kontaktivaba Toila majutus","description":"Valgevilla pakub majutust Toilas. Meil on kaks k\u00fclaliskorterit, mis pakuvad meeldej\u00e4\u00e4vat puhkust Ida-Virumaal!","robots":{"index":"index","follow":"follow","max-snippet":"max-snippet:-1","max-image-preview":"max-image-preview:large","max-video-preview":"max-video-preview:-1"},"canonical":"https:\/\/www.valgevilla.ee\/lisateenused\/","og_locale":"en_US","og_type":"article","og_title":"Additional services - Valgevilla | kontaktivaba Toila majutus","og_description":"Valgevilla pakub majutust Toilas. Meil on kaks k\u00fclaliskorterit, mis pakuvad meeldej\u00e4\u00e4vat puhkust Ida-Virumaal!","og_url":"https:\/\/www.valgevilla.ee\/lisateenused\/","og_site_name":"Valgevilla | kontaktivaba Toila majutus","article_modified_time":"2017-09-20T11:58:38+00:00","twitter_card":"summary_large_image","twitter_misc":{"Est. reading time":"2 minutes"},"schema":{"@context":"https:\/\/schema.org","@graph":[{"@type":"WebPage","@id":"https:\/\/www.valgevilla.ee\/lisateenused\/","url":"https:\/\/www.valgevilla.ee\/lisateenused\/","name":"Additional services - Valgevilla | kontaktivaba Toila majutus","isPartOf":{"@id":"https:\/\/www.valgevilla.ee\/#website"},"datePublished":"2017-09-18T12:30:54+00:00","dateModified":"2017-09-20T11:58:38+00:00","description":"Valgevilla pakub majutust Toilas. Meil on kaks k\u00fclaliskorterit, mis pakuvad meeldej\u00e4\u00e4vat puhkust Ida-Virumaal!","breadcrumb":{"@id":"https:\/\/www.valgevilla.ee\/lisateenused\/#breadcrumb"},"inLanguage":"en-US","potentialAction":[{"@type":"ReadAction","target":["https:\/\/www.valgevilla.ee\/lisateenused\/"]}]},{"@type":"BreadcrumbList","@id":"https:\/\/www.valgevilla.ee\/lisateenused\/#breadcrumb","itemListElement":[{"@type":"ListItem","position":1,"name":"Home","item":"https:\/\/www.valgevilla.ee\/"},{"@type":"ListItem","position":2,"name":"Additional services"}]},{"@type":"WebSite","@id":"https:\/\/www.valgevilla.ee\/#website","url":"https:\/\/www.valgevilla.ee\/","name":"Valgevilla | kontaktivaba Toila majutus","description":"Kontaktivaba majutus Toilas | Toila Spa hotell","potentialAction":[{"@type":"SearchAction","target":{"@type":"EntryPoint","urlTemplate":"https:\/\/www.valgevilla.ee\/?s={search_term_string}"},"query-input":{"@type":"PropertyValueSpecification","valueRequired":true,"valueName":"search_term_string"}}],"inLanguage":"en-US"}]}},"_links":{"self":[{"href":"https:\/\/www.valgevilla.ee\/en\/wp-json\/wp\/v2\/pages\/215","targetHints":{"allow":["GET"]}}],"collection":[{"href":"https:\/\/www.valgevilla.ee\/en\/wp-json\/wp\/v2\/pages"}],"about":[{"href":"https:\/\/www.valgevilla.ee\/en\/wp-json\/wp\/v2\/types\/page"}],"author":[{"embeddable":true,"href":"https:\/\/www.valgevilla.ee\/en\/wp-json\/wp\/v2\/users\/1"}],"replies":[{"embeddable":true,"href":"https:\/\/www.valgevilla.ee\/en\/wp-json\/wp\/v2\/comments?post=215"}],"version-history":[{"count":3,"href":"https:\/\/www.valgevilla.ee\/en\/wp-json\/wp\/v2\/pages\/215\/revisions"}],"predecessor-version":[{"id":473,"href":"https:\/\/www.valgevilla.ee\/en\/wp-json\/wp\/v2\/pages\/215\/revisions\/473"}],"wp:attachment":[{"href":"https:\/\/www.valgevilla.ee\/en\/wp-json\/wp\/v2\/media?parent=215"}],"curies":[{"name":"wp","href":"https:\/\/api.w.org\/{rel}","templated":true}]}}