{"id":223,"date":"2017-09-18T15:53:04","date_gmt":"2017-09-18T12:53:04","guid":{"rendered":"https:\/\/www.valgevilla.ee\/?page_id=223"},"modified":"2018-12-14T00:19:52","modified_gmt":"2018-12-13T22:19:52","slug":"what-to-do-in-ida-virumaa","status":"publish","type":"page","link":"https:\/\/www.valgevilla.ee\/en\/what-to-do-in-ida-virumaa\/","title":{"rendered":"What to do in Ida-Virumaa"},"content":{"rendered":"<div class=\"wpb-content-wrapper\">[vc_row][vc_column][vc_custom_heading text=&#8221;What to do in Ida-Virumaa&#8221; font_container=&#8221;tag:h1|font_size:50px|text_align:left|color:%23ffffff|line_height:55px&#8221; google_fonts=&#8221;font_family:Quicksand%3A300%2Cregular%2C700|font_style:400%20regular%3A400%3Anormal&#8221;][\/vc_column][\/vc_row][vc_row el_class=&#8221;rida&#8221;][vc_column width=&#8221;1\/3&#8243; el_class=&#8221;vasak&#8221;][vc_single_image image=&#8221;192&#8243; img_size=&#8221;full&#8221; css=&#8221;.vc_custom_1505298283454{margin-bottom: 20px !important;}&#8221;][\/vc_column][vc_column width=&#8221;2\/3&#8243; el_class=&#8221;parem&#8221;][vc_custom_heading text=&#8221;At Ida-Virumaa we recommend&#8221; font_container=&#8221;tag:h2|font_size:20px|text_align:left|color:%234e4e4e|line_height:25px&#8221; use_theme_fonts=&#8221;yes&#8221;][vc_column_text css=&#8221;.vc_custom_1505738979433{margin-bottom: 20px !important;}&#8221;]Georgian restaurant Mimino<br \/>\n<a href=\"https:\/\/www.mimino.ee\" target=\"_blank\" rel=\"noopener\">https:\/\/www.mimino.ee<\/a><\/p>\n<p>Vanameistri pubi (Old Master\u2019s Pub)<br \/>\n<a href=\"http:\/\/www.vanameistripubi.ee\" target=\"_blank\" rel=\"noopener\">http:\/\/www.vanameistripubi.ee<\/a><\/p>\n<p>Tulivee restaurant<br \/>\n<a href=\"http:\/\/www.tulivee.ee\/tulivee\/tulivee-restoran\/\" target=\"_blank\" rel=\"noopener\">http:\/\/www.tulivee.ee\/tulivee\/tulivee-restoran\/<\/a><\/p>\n<p>Saka Manor restaurant<br \/>\n<a href=\"http:\/\/www.saka.ee\/restoran\/\" target=\"_blank\" rel=\"noopener\">http:\/\/www.saka.ee\/restoran\/<\/a><\/p>\n<p>Purtse Castle caf\u00e9-restaurant<br \/>\n<a href=\"http:\/\/purtse.ee\/kohvik\/\" target=\"_blank\" rel=\"noopener\">http:\/\/purtse.ee\/kohvik\/<\/a><\/p>\n<p>Restaurant Rondeel (roundel) at Narva Hermann Castle<br \/>\n<a href=\"http:\/\/narvamuuseum.ee\/est\/restoran\/\" target=\"_blank\" rel=\"noopener\">http:\/\/narvamuuseum.ee\/est\/restoran\/<\/a>[\/vc_column_text][\/vc_column][\/vc_row][vc_row el_class=&#8221;rida&#8221;][vc_column width=&#8221;1\/3&#8243; el_class=&#8221;vasak&#8221;][vc_single_image image=&#8221;194&#8243; img_size=&#8221;full&#8221; css=&#8221;.vc_custom_1505298318539{margin-bottom: 20px !important;}&#8221;][vc_video link=&#8221;https:\/\/vimeo.com\/232641410&#8243; title=&#8221;Kivi\u00f5li Seikluskeskus &#8211; Ski Center in Ida-Viru County&#8221;][\/vc_column][vc_column width=&#8221;2\/3&#8243; el_class=&#8221;parem&#8221;][vc_custom_heading text=&#8221;At Ida-Virumaa, we recommend to visit\/experience&#8221; font_container=&#8221;tag:h2|font_size:20px|text_align:left|color:%234e4e4e|line_height:25px&#8221; use_theme_fonts=&#8221;yes&#8221;][vc_column_text css=&#8221;.vc_custom_1505909099921{margin-bottom: 20px !important;}&#8221;]Valgevilla is a good place to stop for daily tours at Ida-Virumaa.<\/p>\n<ul>\n<li>Narva and Narva-J\u00f5esuu, about a 40-minutes drive fromValgevilla<br \/>\n<a href=\"https:\/\/www.puhkaeestis.ee\/et\/ponevad-paigad\/pohja-eesti\/narva-ja-narva-joesuu\" target=\"_blank\" rel=\"noopener\">https:\/\/www.puhkaeestis.ee\/et\/ponevad-paigad\/pohja-eesti\/narva-ja-narva-joesuu<\/a><\/li>\n<li>Kreenholm area and Kreenholm Textile Factory in Narva<br \/>\n<a href=\"https:\/\/www.puhkaeestis.ee\/et\/kreenholmi-piirkond-ja-kreenholmi-manufaktuur\" target=\"_blank\" rel=\"noopener\">https:\/\/www.puhkaeestis.ee\/et\/kreenholmi-piirkond-ja-kreenholmi-manufaktuur<\/a><\/li>\n<li>Kurem\u00e4e Convent\/the only functioning Russian Orthodox nunnery in Estonia, about a 30-minutes drive from Valgevilla <a href=\"https:\/\/www.puhkaeestis.ee\/et\/puhtitsa-jumalaema-uinumise-nunnaklooster-kuremae-klooster\" target=\"_blank\" rel=\"noopener\">https:\/\/www.puhkaeestis.ee\/et\/puhtitsa-jumalaema-uinumise-nunnaklooster-kuremae-klooster<\/a><\/li>\n<li>Northern coast of lake Peipus\/Kauksi beach, about a 50-minutes drive from Valgevilla<br \/>\n<a href=\"https:\/\/www.puhkaeestis.ee\/et\/peipsi-jarve-pohjarannik\" target=\"_blank\" rel=\"noopener\">https:\/\/www.puhkaeestis.ee\/et\/peipsi-jarve-pohjarannik<\/a><\/li>\n<li>Kivi\u00f5li Adventure Centre, about a 35-minutes drive from Valgevilla<br \/>\n<a href=\"https:\/\/tuhamagi.ee\" target=\"_blank\" rel=\"noopener\">https:\/\/tuhamagi.ee<\/a><\/li>\n<li>J\u00f5hvi Concert Hall for culture and art experiences<br \/>\n<a href=\"http:\/\/www.concert.ee\/johvi\" target=\"_blank\" rel=\"noopener\">http:\/\/www.concert.ee\/johvi<\/a><\/li>\n<\/ul>\n<p>Find more inspiration for a holiday on the north coast from Ida-Virumaa official tourism website:<br \/>\n<a href=\"http:\/\/idaviru.ee\" target=\"_blank\" rel=\"noopener\">http:\/\/idaviru.ee<\/a><\/p>\n<p>The Estonian official tourism information website Visit Estonia:<br \/>\n<a href=\"https:\/\/www.puhkaeestis.ee\/et\/kiosk\/area\/idaviru\" target=\"_blank\" rel=\"noopener\">https:\/\/www.puhkaeestis.ee\/et\/kiosk\/area\/idaviru<\/a>[\/vc_column_text][\/vc_column][\/vc_row]\n<\/div>","protected":false},"excerpt":{"rendered":"<p>[vc_row][vc_column][vc_custom_heading text=&#8221;What to do in Ida-Virumaa&#8221; font_container=&#8221;tag:h1|font_size:50px|text_align:left|color:%23ffffff|line_height:55px&#8221; google_fonts=&#8221;font_family:Quicksand%3A300%2Cregular%2C700|font_style:400%20regular%3A400%3Anormal&#8221;][\/vc_column][\/vc_row][vc_row el_class=&#8221;rida&#8221;][vc_column width=&#8221;1\/3&#8243; el_class=&#8221;vasak&#8221;][vc_single_image image=&#8221;192&#8243; img_size=&#8221;full&#8221; css=&#8221;.vc_custom_1505298283454{margin-bottom: 20px !important;}&#8221;][\/vc_column][vc_column width=&#8221;2\/3&#8243; el_class=&#8221;parem&#8221;][vc_custom_heading text=&#8221;At Ida-Virumaa we recommend&#8221; font_container=&#8221;tag:h2|font_size:20px|text_align:left|color:%234e4e4e|line_height:25px&#8221; use_theme_fonts=&#8221;yes&#8221;][vc_column_text css=&#8221;.vc_custom_1505738979433{margin-bottom: 20px !important;}&#8221;]Georgian restaurant Mimino https:\/\/www.mimino.ee Vanameistri pubi (Old Master\u2019s Pub) http:\/\/www.vanameistripubi.ee Tulivee restaurant http:\/\/www.tulivee.ee\/tulivee\/tulivee-restoran\/ Saka Manor restaurant http:\/\/www.saka.ee\/restoran\/ Purtse Castle caf\u00e9-restaurant http:\/\/purtse.ee\/kohvik\/ Restaurant Rondeel (roundel) at Narva Hermann Castle http:\/\/narvamuuseum.ee\/est\/restoran\/[\/vc_column_text][\/vc_column][\/vc_row][vc_row&#8230;<\/p>\n","protected":false},"author":1,"featured_media":0,"parent":0,"menu_order":0,"comment_status":"closed","ping_status":"closed","template":"","meta":{"footnotes":""},"class_list":["post-223","page","type-page","status-publish","hentry"],"yoast_head":"<!-- This site is optimized with the Yoast SEO plugin v24.4 - https:\/\/yoast.com\/wordpress\/plugins\/seo\/ -->\n<title>What to do in Ida-Virumaa - Valgevilla | kontaktivaba Toila majutus<\/title>\n<meta name=\"description\" content=\"Valgevilla pakub majutust Toilas. Meil on kaks k\u00fclaliskorterit, mis pakuvad meeldej\u00e4\u00e4vat puhkust Ida-Virumaal!\" \/>\n<meta name=\"robots\" content=\"index, follow, max-snippet:-1, max-image-preview:large, max-video-preview:-1\" \/>\n<link rel=\"canonical\" href=\"https:\/\/www.valgevilla.ee\/mida-teha-ida-virumaal\/\" \/>\n<meta property=\"og:locale\" content=\"en_US\" \/>\n<meta property=\"og:type\" content=\"article\" \/>\n<meta property=\"og:title\" content=\"What to do in Ida-Virumaa - Valgevilla | kontaktivaba Toila majutus\" \/>\n<meta property=\"og:description\" content=\"Valgevilla pakub majutust Toilas. Meil on kaks k\u00fclaliskorterit, mis pakuvad meeldej\u00e4\u00e4vat puhkust Ida-Virumaal!\" \/>\n<meta property=\"og:url\" content=\"https:\/\/www.valgevilla.ee\/mida-teha-ida-virumaal\/\" \/>\n<meta property=\"og:site_name\" content=\"Valgevilla | kontaktivaba Toila majutus\" \/>\n<meta property=\"article:modified_time\" content=\"2018-12-13T22:19:52+00:00\" \/>\n<meta name=\"twitter:card\" content=\"summary_large_image\" \/>\n<meta name=\"twitter:label1\" content=\"Est. reading time\" \/>\n\t<meta name=\"twitter:data1\" content=\"2 minutes\" \/>\n<script type=\"application\/ld+json\" class=\"yoast-schema-graph\">{\"@context\":\"https:\/\/schema.org\",\"@graph\":[{\"@type\":\"WebPage\",\"@id\":\"https:\/\/www.valgevilla.ee\/mida-teha-ida-virumaal\/\",\"url\":\"https:\/\/www.valgevilla.ee\/mida-teha-ida-virumaal\/\",\"name\":\"What to do in Ida-Virumaa - Valgevilla | kontaktivaba Toila majutus\",\"isPartOf\":{\"@id\":\"https:\/\/www.valgevilla.ee\/#website\"},\"datePublished\":\"2017-09-18T12:53:04+00:00\",\"dateModified\":\"2018-12-13T22:19:52+00:00\",\"description\":\"Valgevilla pakub majutust Toilas. Meil on kaks k\u00fclaliskorterit, mis pakuvad meeldej\u00e4\u00e4vat puhkust Ida-Virumaal!\",\"breadcrumb\":{\"@id\":\"https:\/\/www.valgevilla.ee\/mida-teha-ida-virumaal\/#breadcrumb\"},\"inLanguage\":\"en-US\",\"potentialAction\":[{\"@type\":\"ReadAction\",\"target\":[\"https:\/\/www.valgevilla.ee\/mida-teha-ida-virumaal\/\"]}]},{\"@type\":\"BreadcrumbList\",\"@id\":\"https:\/\/www.valgevilla.ee\/mida-teha-ida-virumaal\/#breadcrumb\",\"itemListElement\":[{\"@type\":\"ListItem\",\"position\":1,\"name\":\"Home\",\"item\":\"https:\/\/www.valgevilla.ee\/\"},{\"@type\":\"ListItem\",\"position\":2,\"name\":\"What to do in Ida-Virumaa\"}]},{\"@type\":\"WebSite\",\"@id\":\"https:\/\/www.valgevilla.ee\/#website\",\"url\":\"https:\/\/www.valgevilla.ee\/\",\"name\":\"Valgevilla | kontaktivaba Toila majutus\",\"description\":\"Kontaktivaba majutus Toilas | Toila Spa hotell\",\"potentialAction\":[{\"@type\":\"SearchAction\",\"target\":{\"@type\":\"EntryPoint\",\"urlTemplate\":\"https:\/\/www.valgevilla.ee\/?s={search_term_string}\"},\"query-input\":{\"@type\":\"PropertyValueSpecification\",\"valueRequired\":true,\"valueName\":\"search_term_string\"}}],\"inLanguage\":\"en-US\"}]}<\/script>\n<!-- \/ Yoast SEO plugin. -->","yoast_head_json":{"title":"What to do in Ida-Virumaa - Valgevilla | kontaktivaba Toila majutus","description":"Valgevilla pakub majutust Toilas. Meil on kaks k\u00fclaliskorterit, mis pakuvad meeldej\u00e4\u00e4vat puhkust Ida-Virumaal!","robots":{"index":"index","follow":"follow","max-snippet":"max-snippet:-1","max-image-preview":"max-image-preview:large","max-video-preview":"max-video-preview:-1"},"canonical":"https:\/\/www.valgevilla.ee\/mida-teha-ida-virumaal\/","og_locale":"en_US","og_type":"article","og_title":"What to do in Ida-Virumaa - Valgevilla | kontaktivaba Toila majutus","og_description":"Valgevilla pakub majutust Toilas. Meil on kaks k\u00fclaliskorterit, mis pakuvad meeldej\u00e4\u00e4vat puhkust Ida-Virumaal!","og_url":"https:\/\/www.valgevilla.ee\/mida-teha-ida-virumaal\/","og_site_name":"Valgevilla | kontaktivaba Toila majutus","article_modified_time":"2018-12-13T22:19:52+00:00","twitter_card":"summary_large_image","twitter_misc":{"Est. reading time":"2 minutes"},"schema":{"@context":"https:\/\/schema.org","@graph":[{"@type":"WebPage","@id":"https:\/\/www.valgevilla.ee\/mida-teha-ida-virumaal\/","url":"https:\/\/www.valgevilla.ee\/mida-teha-ida-virumaal\/","name":"What to do in Ida-Virumaa - Valgevilla | kontaktivaba Toila majutus","isPartOf":{"@id":"https:\/\/www.valgevilla.ee\/#website"},"datePublished":"2017-09-18T12:53:04+00:00","dateModified":"2018-12-13T22:19:52+00:00","description":"Valgevilla pakub majutust Toilas. Meil on kaks k\u00fclaliskorterit, mis pakuvad meeldej\u00e4\u00e4vat puhkust Ida-Virumaal!","breadcrumb":{"@id":"https:\/\/www.valgevilla.ee\/mida-teha-ida-virumaal\/#breadcrumb"},"inLanguage":"en-US","potentialAction":[{"@type":"ReadAction","target":["https:\/\/www.valgevilla.ee\/mida-teha-ida-virumaal\/"]}]},{"@type":"BreadcrumbList","@id":"https:\/\/www.valgevilla.ee\/mida-teha-ida-virumaal\/#breadcrumb","itemListElement":[{"@type":"ListItem","position":1,"name":"Home","item":"https:\/\/www.valgevilla.ee\/"},{"@type":"ListItem","position":2,"name":"What to do in Ida-Virumaa"}]},{"@type":"WebSite","@id":"https:\/\/www.valgevilla.ee\/#website","url":"https:\/\/www.valgevilla.ee\/","name":"Valgevilla | kontaktivaba Toila majutus","description":"Kontaktivaba majutus Toilas | Toila Spa hotell","potentialAction":[{"@type":"SearchAction","target":{"@type":"EntryPoint","urlTemplate":"https:\/\/www.valgevilla.ee\/?s={search_term_string}"},"query-input":{"@type":"PropertyValueSpecification","valueRequired":true,"valueName":"search_term_string"}}],"inLanguage":"en-US"}]}},"_links":{"self":[{"href":"https:\/\/www.valgevilla.ee\/en\/wp-json\/wp\/v2\/pages\/223","targetHints":{"allow":["GET"]}}],"collection":[{"href":"https:\/\/www.valgevilla.ee\/en\/wp-json\/wp\/v2\/pages"}],"about":[{"href":"https:\/\/www.valgevilla.ee\/en\/wp-json\/wp\/v2\/types\/page"}],"author":[{"embeddable":true,"href":"https:\/\/www.valgevilla.ee\/en\/wp-json\/wp\/v2\/users\/1"}],"replies":[{"embeddable":true,"href":"https:\/\/www.valgevilla.ee\/en\/wp-json\/wp\/v2\/comments?post=223"}],"version-history":[{"count":3,"href":"https:\/\/www.valgevilla.ee\/en\/wp-json\/wp\/v2\/pages\/223\/revisions"}],"predecessor-version":[{"id":631,"href":"https:\/\/www.valgevilla.ee\/en\/wp-json\/wp\/v2\/pages\/223\/revisions\/631"}],"wp:attachment":[{"href":"https:\/\/www.valgevilla.ee\/en\/wp-json\/wp\/v2\/media?parent=223"}],"curies":[{"name":"wp","href":"https:\/\/api.w.org\/{rel}","templated":true}]}}