{"id":240,"date":"2017-09-18T16:22:10","date_gmt":"2017-09-18T13:22:10","guid":{"rendered":"https:\/\/www.valgevilla.ee\/?page_id=240"},"modified":"2017-09-20T15:14:48","modified_gmt":"2017-09-20T12:14:48","slug":"apartment-rand","status":"publish","type":"page","link":"https:\/\/www.valgevilla.ee\/en\/our-rooms\/apartment-rand\/","title":{"rendered":"Apartment &#8211; The Beach"},"content":{"rendered":"<div class=\"wpb-content-wrapper\">[vc_row el_class=&#8221;tuba-tekst&#8221;][vc_column][vc_column_text el_class=&#8221;tuba-tekst-inner&#8221;]\n<h1>Apartment\u00a0<span style=\"font-family: 'Bad Script';\">Rand<\/span><\/h1>\n<p>Spacious and comfortable apartment RAND (70m\u00b2) on the second floor of Valgevilla has a bedroom, well-equipped kitchen, WC, shower with Finnish sauna and a large open living room.<\/p>\n<p>The bedroom has a comfortable double bed. Extra single bed for one is available for an additional price. We also offer a free baby travel bed for families travelling with a very small child.<\/p>\n<p>The guests can use a modern kitchen equipped with everything necessary: a refrigerator, an oven, a stove, a microwave, a dishwasher, a coffee machine, a boiler, pots and pans, ceramic dishware and also spices, coffee and tea. Guests are also welcome to use the charcoal grill at Valgevilla yard.<br \/>\nComfort equipment feature a hairdryer and bathrobes.[\/vc_column_text][\/vc_column][\/vc_row][vc_row][vc_column][rev_slider_vc alias=&#8221;rand&#8221;][\/vc_column][\/vc_row]\n<\/div>","protected":false},"excerpt":{"rendered":"<p>[vc_row el_class=&#8221;tuba-tekst&#8221;][vc_column][vc_column_text el_class=&#8221;tuba-tekst-inner&#8221;] Apartment\u00a0Rand Spacious and comfortable apartment RAND (70m\u00b2) on the second floor of Valgevilla has a bedroom, well-equipped kitchen, WC, shower with Finnish sauna and a large open living room. The bedroom has a comfortable double bed. Extra single bed for one is available for an additional price. We also offer a free&#8230;<\/p>\n","protected":false},"author":1,"featured_media":0,"parent":219,"menu_order":0,"comment_status":"closed","ping_status":"closed","template":"page-full.php","meta":{"footnotes":""},"class_list":["post-240","page","type-page","status-publish","hentry"],"yoast_head":"<!-- This site is optimized with the Yoast SEO plugin v24.4 - https:\/\/yoast.com\/wordpress\/plugins\/seo\/ -->\n<title>Apartment - The Beach - Valgevilla | kontaktivaba Toila majutus<\/title>\n<meta name=\"description\" content=\"Valgevilla pakub majutust Toilas. Meil on kaks k\u00fclaliskorterit, mis pakuvad meeldej\u00e4\u00e4vat puhkust Ida-Virumaal!\" \/>\n<meta name=\"robots\" content=\"index, follow, max-snippet:-1, max-image-preview:large, max-video-preview:-1\" \/>\n<link rel=\"canonical\" href=\"https:\/\/www.valgevilla.ee\/meie-toad\/kulaliskorter-rand\/\" \/>\n<meta property=\"og:locale\" content=\"en_US\" \/>\n<meta property=\"og:type\" content=\"article\" \/>\n<meta property=\"og:title\" content=\"Apartment - The Beach - Valgevilla | kontaktivaba Toila majutus\" \/>\n<meta property=\"og:description\" content=\"Valgevilla pakub majutust Toilas. Meil on kaks k\u00fclaliskorterit, mis pakuvad meeldej\u00e4\u00e4vat puhkust Ida-Virumaal!\" \/>\n<meta property=\"og:url\" content=\"https:\/\/www.valgevilla.ee\/meie-toad\/kulaliskorter-rand\/\" \/>\n<meta property=\"og:site_name\" content=\"Valgevilla | kontaktivaba Toila majutus\" \/>\n<meta property=\"article:modified_time\" content=\"2017-09-20T12:14:48+00:00\" \/>\n<meta name=\"twitter:card\" content=\"summary_large_image\" \/>\n<meta name=\"twitter:label1\" content=\"Est. reading time\" \/>\n\t<meta name=\"twitter:data1\" content=\"1 minute\" \/>\n<script type=\"application\/ld+json\" class=\"yoast-schema-graph\">{\"@context\":\"https:\/\/schema.org\",\"@graph\":[{\"@type\":\"WebPage\",\"@id\":\"https:\/\/www.valgevilla.ee\/meie-toad\/kulaliskorter-rand\/\",\"url\":\"https:\/\/www.valgevilla.ee\/meie-toad\/kulaliskorter-rand\/\",\"name\":\"Apartment - The Beach - Valgevilla | kontaktivaba Toila majutus\",\"isPartOf\":{\"@id\":\"https:\/\/www.valgevilla.ee\/#website\"},\"datePublished\":\"2017-09-18T13:22:10+00:00\",\"dateModified\":\"2017-09-20T12:14:48+00:00\",\"description\":\"Valgevilla pakub majutust Toilas. Meil on kaks k\u00fclaliskorterit, mis pakuvad meeldej\u00e4\u00e4vat puhkust Ida-Virumaal!\",\"breadcrumb\":{\"@id\":\"https:\/\/www.valgevilla.ee\/meie-toad\/kulaliskorter-rand\/#breadcrumb\"},\"inLanguage\":\"en-US\",\"potentialAction\":[{\"@type\":\"ReadAction\",\"target\":[\"https:\/\/www.valgevilla.ee\/meie-toad\/kulaliskorter-rand\/\"]}]},{\"@type\":\"BreadcrumbList\",\"@id\":\"https:\/\/www.valgevilla.ee\/meie-toad\/kulaliskorter-rand\/#breadcrumb\",\"itemListElement\":[{\"@type\":\"ListItem\",\"position\":1,\"name\":\"Home\",\"item\":\"https:\/\/www.valgevilla.ee\/\"},{\"@type\":\"ListItem\",\"position\":2,\"name\":\"Our rooms\",\"item\":\"https:\/\/www.valgevilla.ee\/meie-toad\/\"},{\"@type\":\"ListItem\",\"position\":3,\"name\":\"Apartment &#8211; The Beach\"}]},{\"@type\":\"WebSite\",\"@id\":\"https:\/\/www.valgevilla.ee\/#website\",\"url\":\"https:\/\/www.valgevilla.ee\/\",\"name\":\"Valgevilla | kontaktivaba Toila majutus\",\"description\":\"Kontaktivaba majutus Toilas | Toila Spa hotell\",\"potentialAction\":[{\"@type\":\"SearchAction\",\"target\":{\"@type\":\"EntryPoint\",\"urlTemplate\":\"https:\/\/www.valgevilla.ee\/?s={search_term_string}\"},\"query-input\":{\"@type\":\"PropertyValueSpecification\",\"valueRequired\":true,\"valueName\":\"search_term_string\"}}],\"inLanguage\":\"en-US\"}]}<\/script>\n<!-- \/ Yoast SEO plugin. -->","yoast_head_json":{"title":"Apartment - The Beach - Valgevilla | kontaktivaba Toila majutus","description":"Valgevilla pakub majutust Toilas. Meil on kaks k\u00fclaliskorterit, mis pakuvad meeldej\u00e4\u00e4vat puhkust Ida-Virumaal!","robots":{"index":"index","follow":"follow","max-snippet":"max-snippet:-1","max-image-preview":"max-image-preview:large","max-video-preview":"max-video-preview:-1"},"canonical":"https:\/\/www.valgevilla.ee\/meie-toad\/kulaliskorter-rand\/","og_locale":"en_US","og_type":"article","og_title":"Apartment - The Beach - Valgevilla | kontaktivaba Toila majutus","og_description":"Valgevilla pakub majutust Toilas. Meil on kaks k\u00fclaliskorterit, mis pakuvad meeldej\u00e4\u00e4vat puhkust Ida-Virumaal!","og_url":"https:\/\/www.valgevilla.ee\/meie-toad\/kulaliskorter-rand\/","og_site_name":"Valgevilla | kontaktivaba Toila majutus","article_modified_time":"2017-09-20T12:14:48+00:00","twitter_card":"summary_large_image","twitter_misc":{"Est. reading time":"1 minute"},"schema":{"@context":"https:\/\/schema.org","@graph":[{"@type":"WebPage","@id":"https:\/\/www.valgevilla.ee\/meie-toad\/kulaliskorter-rand\/","url":"https:\/\/www.valgevilla.ee\/meie-toad\/kulaliskorter-rand\/","name":"Apartment - The Beach - Valgevilla | kontaktivaba Toila majutus","isPartOf":{"@id":"https:\/\/www.valgevilla.ee\/#website"},"datePublished":"2017-09-18T13:22:10+00:00","dateModified":"2017-09-20T12:14:48+00:00","description":"Valgevilla pakub majutust Toilas. Meil on kaks k\u00fclaliskorterit, mis pakuvad meeldej\u00e4\u00e4vat puhkust Ida-Virumaal!","breadcrumb":{"@id":"https:\/\/www.valgevilla.ee\/meie-toad\/kulaliskorter-rand\/#breadcrumb"},"inLanguage":"en-US","potentialAction":[{"@type":"ReadAction","target":["https:\/\/www.valgevilla.ee\/meie-toad\/kulaliskorter-rand\/"]}]},{"@type":"BreadcrumbList","@id":"https:\/\/www.valgevilla.ee\/meie-toad\/kulaliskorter-rand\/#breadcrumb","itemListElement":[{"@type":"ListItem","position":1,"name":"Home","item":"https:\/\/www.valgevilla.ee\/"},{"@type":"ListItem","position":2,"name":"Our rooms","item":"https:\/\/www.valgevilla.ee\/meie-toad\/"},{"@type":"ListItem","position":3,"name":"Apartment &#8211; The Beach"}]},{"@type":"WebSite","@id":"https:\/\/www.valgevilla.ee\/#website","url":"https:\/\/www.valgevilla.ee\/","name":"Valgevilla | kontaktivaba Toila majutus","description":"Kontaktivaba majutus Toilas | Toila Spa hotell","potentialAction":[{"@type":"SearchAction","target":{"@type":"EntryPoint","urlTemplate":"https:\/\/www.valgevilla.ee\/?s={search_term_string}"},"query-input":{"@type":"PropertyValueSpecification","valueRequired":true,"valueName":"search_term_string"}}],"inLanguage":"en-US"}]}},"_links":{"self":[{"href":"https:\/\/www.valgevilla.ee\/en\/wp-json\/wp\/v2\/pages\/240","targetHints":{"allow":["GET"]}}],"collection":[{"href":"https:\/\/www.valgevilla.ee\/en\/wp-json\/wp\/v2\/pages"}],"about":[{"href":"https:\/\/www.valgevilla.ee\/en\/wp-json\/wp\/v2\/types\/page"}],"author":[{"embeddable":true,"href":"https:\/\/www.valgevilla.ee\/en\/wp-json\/wp\/v2\/users\/1"}],"replies":[{"embeddable":true,"href":"https:\/\/www.valgevilla.ee\/en\/wp-json\/wp\/v2\/comments?post=240"}],"version-history":[{"count":2,"href":"https:\/\/www.valgevilla.ee\/en\/wp-json\/wp\/v2\/pages\/240\/revisions"}],"predecessor-version":[{"id":478,"href":"https:\/\/www.valgevilla.ee\/en\/wp-json\/wp\/v2\/pages\/240\/revisions\/478"}],"up":[{"embeddable":true,"href":"https:\/\/www.valgevilla.ee\/en\/wp-json\/wp\/v2\/pages\/219"}],"wp:attachment":[{"href":"https:\/\/www.valgevilla.ee\/en\/wp-json\/wp\/v2\/media?parent=240"}],"curies":[{"name":"wp","href":"https:\/\/api.w.org\/{rel}","templated":true}]}}