{"id":271,"date":"2017-09-19T12:06:05","date_gmt":"2017-09-19T09:06:05","guid":{"rendered":"https:\/\/www.valgevilla.ee\/?page_id=271"},"modified":"2024-04-04T23:08:42","modified_gmt":"2024-04-04T20:08:42","slug":"%d1%86%d0%b5%d0%bd%d1%8b","status":"publish","type":"page","link":"https:\/\/www.valgevilla.ee\/ru\/%d1%86%d0%b5%d0%bd%d1%8b\/","title":{"rendered":"\u0426\u0435\u043d\u044b"},"content":{"rendered":"<div class=\"wpb-content-wrapper\">[vc_row][vc_column][vc_custom_heading text=&#187;\u0426\u0435\u043d\u044b&#187; font_container=&#187;tag:h1|font_size:50px|text_align:left|color:%23ffffff|line_height:55px&#187; google_fonts=&#187;font_family:Quicksand%3A300%2Cregular%2C700|font_style:400%20regular%3A400%3Anormal&#187;][\/vc_column][\/vc_row][vc_row el_class=&#187;rida&#187;][vc_column width=&#187;1\/3&#8243; el_class=&#187;vasak&#187;][vc_single_image image=&#187;391&#8243; img_size=&#187;full&#187; css=&#187;.vc_custom_1504959146125{margin-bottom: 20px !important;}&#187;][\/vc_column][vc_column width=&#187;2\/3&#8243; el_class=&#187;parem&#187;][vc_custom_heading text=&#187;\u0410\u043f\u0430\u0440\u0442\u0430\u043c\u0435\u043d\u0442\u044b \u00ab\u041c\u041e\u0420\u0415\u00bb&#187; font_container=&#187;tag:h2|font_size:20px|text_align:left|color:%234e4e4e|line_height:25px&#187; use_theme_fonts=&#187;yes&#187;][vc_column_text css=&#187;.vc_custom_1673640577675{margin-bottom: 20px !important;}&#187;]\n<ul>\n<li><strong>135 \u20ac*<\/strong> \u0432 \u0441\u0443\u0442\u043a\u0438 \u0434\u043e \u0447\u0435\u0442\u044b\u0440\u0435\u0445 \u0447\u0435\u043b\u043e\u0432\u0435\u043a<\/li>\n<li><strong>85 \u20ac*<\/strong> \u0432 \u0441\u0443\u0442\u043a\u0438 \u0434\u043b\u044f \u0434\u0432\u0443\u0445 \u0447\u0435\u043b\u043e\u0432\u0435\u043a, \u0435\u0441\u043b\u0438 \u0438\u0441\u043f\u043e\u043b\u044c\u0437\u0443\u0435\u0442\u0441\u044f \u0442\u043e\u043b\u044c\u043a\u043e \u043e\u0434\u043d\u0430 \u0438\u0437 \u0441\u043f\u0430\u043b\u0435\u043d<\/li>\n<li>\u0414\u043e\u043f\u043e\u043b\u043d\u0438\u0442\u0435\u043b\u044c\u043d\u0430\u044f \u043a\u0440\u043e\u0432\u0430\u0442\u044c <strong>15 \u20ac<\/strong> (\u043c\u0430\u043a\u0441\u0438\u043c\u0443\u043c 1 \u0434\u043e\u043f\u043e\u043b\u043d\u0438\u0442\u0435\u043b\u044c\u043d\u0430\u044f \u043e\u0434\u043d\u043e\u0441\u043f\u0430\u043b\u044c\u043d\u0430\u044f \u043a\u0440\u043e\u0432\u0430\u0442\u044c)<\/li>\n<li>\u0414\u0435\u0442\u0441\u043a\u0430\u044f \u043a\u0440\u043e\u0432\u0430\u0442\u043a\u0430 \u0431\u0435\u0441\u043f\u043b\u0430\u0442\u043d\u043e<\/li>\n<li>\u0423\u0441\u043b\u0443\u0433\u0430 \u043f\u0438\u0442\u0430\u043d\u0438\u044f \u0432 \u0430\u043f\u0430\u0440\u0442\u0430\u043c\u0435\u043d\u0442\u0430\u0445 \u0411\u0435\u043b\u043e\u0439 \u0432\u0438\u043b\u043b\u044b \u043d\u0435 \u043f\u0440\u0435\u0434\u0443\u0441\u043c\u043e\u0442\u0440\u0435\u043d\u0430<\/li>\n<li>\u041f\u0440\u0438\u0432\u043e\u0437\u0438\u0442\u044c \u0441 \u0441\u043e\u0431\u043e\u0439 \u0434\u043e\u043c\u0430\u0448\u043d\u0438\u0445 \u043f\u0438\u0442\u043e\u043c\u0446\u0435\u0432 \u043d\u0435 \u0440\u0430\u0437\u0440\u0435\u0448\u0430\u0435\u0442\u0441\u044f<\/li>\n<\/ul>\n[\/vc_column_text][\/vc_column][\/vc_row][vc_row el_class=&#187;rida&#187;][vc_column width=&#187;1\/3&#8243; el_class=&#187;vasak&#187;][vc_single_image image=&#187;407&#8243; img_size=&#187;full&#187; css=&#187;.vc_custom_1504959602051{margin-bottom: 20px !important;}&#187;][\/vc_column][vc_column width=&#187;2\/3&#8243; el_class=&#187;parem&#187;][vc_custom_heading text=&#187;\u0410\u043f\u0430\u0440\u0442\u0430\u043c\u0435\u043d\u0442\u044b \u00ab\u041f\u041b\u042f\u0416\u00bb&#187; font_container=&#187;tag:h2|font_size:20px|text_align:left|color:%234e4e4e|line_height:25px&#187; use_theme_fonts=&#187;yes&#187;][vc_column_text css=&#187;.vc_custom_1673640595942{margin-bottom: 20px !important;}&#187;]\n<ul>\n<li><strong>92 \u20ac*<\/strong> \u0432 \u0441\u0443\u0442\u043a\u0438 \u0434\u043b\u044f \u0434\u0432\u0443\u0445 \u0447\u0435\u043b\u043e\u0432\u0435\u043a<\/li>\n<li>\u0414\u043e\u043f\u043e\u043b\u043d\u0438\u0442\u0435\u043b\u044c\u043d\u0430\u044f \u043a\u0440\u043e\u0432\u0430\u0442\u044c <strong>15 \u20ac<\/strong> (\u043c\u0430\u043a\u0441\u0438\u043c\u0443\u043c 1 \u0434\u043e\u043f\u043e\u043b\u043d\u0438\u0442\u0435\u043b\u044c\u043d\u0430\u044f \u043e\u0434\u043d\u043e\u0441\u043f\u0430\u043b\u044c\u043d\u0430\u044f \u043a\u0440\u043e\u0432\u0430\u0442\u044c)<\/li>\n<li>\u0414\u0435\u0442\u0441\u043a\u0430\u044f \u043a\u0440\u043e\u0432\u0430\u0442\u043a\u0430 \u0431\u0435\u0441\u043f\u043b\u0430\u0442\u043d\u043e<\/li>\n<li>\u0423\u0441\u043b\u0443\u0433\u0430 \u043f\u0438\u0442\u0430\u043d\u0438\u044f \u0432 \u0430\u043f\u0430\u0440\u0442\u0430\u043c\u0435\u043d\u0442\u0430\u0445 \u0411\u0435\u043b\u043e\u0439 \u0432\u0438\u043b\u043b\u044b \u043d\u0435 \u043f\u0440\u0435\u0434\u0443\u0441\u043c\u043e\u0442\u0440\u0435\u043d\u0430<\/li>\n<li>\u041f\u0440\u0438\u0432\u043e\u0437\u0438\u0442\u044c \u0441 \u0441\u043e\u0431\u043e\u0439 \u0434\u043e\u043c\u0430\u0448\u043d\u0438\u0445 \u043f\u0438\u0442\u043e\u043c\u0446\u0435\u0432 \u043d\u0435 \u0440\u0430\u0437\u0440\u0435\u0448\u0430\u0435\u0442\u0441\u044f<\/li>\n<\/ul>\n[\/vc_column_text][\/vc_column][\/vc_row][vc_row][vc_column][vc_column_text]* Valgevilla \u043e\u0441\u0442\u0430\u0432\u043b\u044f\u0435\u0442 \u0437\u0430 \u0441\u043e\u0431\u043e\u0439 \u043f\u0440\u0430\u0432\u043e \u0438\u0437\u043c\u0435\u043d\u044f\u0442\u044c \u0446\u0435\u043d\u044b.[\/vc_column_text][\/vc_column][\/vc_row]\n<\/div>","protected":false},"excerpt":{"rendered":"<p>[vc_row][vc_column][vc_custom_heading text=&#187;\u0426\u0435\u043d\u044b&#187; font_container=&#187;tag:h1|font_size:50px|text_align:left|color:%23ffffff|line_height:55px&#187; google_fonts=&#187;font_family:Quicksand%3A300%2Cregular%2C700|font_style:400%20regular%3A400%3Anormal&#187;][\/vc_column][\/vc_row][vc_row el_class=&#187;rida&#187;][vc_column width=&#187;1\/3&#8243; el_class=&#187;vasak&#187;][vc_single_image image=&#187;391&#8243; img_size=&#187;full&#187; css=&#187;.vc_custom_1504959146125{margin-bottom: 20px !important;}&#187;][\/vc_column][vc_column width=&#187;2\/3&#8243; el_class=&#187;parem&#187;][vc_custom_heading text=&#187;\u0410\u043f\u0430\u0440\u0442\u0430\u043c\u0435\u043d\u0442\u044b \u00ab\u041c\u041e\u0420\u0415\u00bb&#187; font_container=&#187;tag:h2|font_size:20px|text_align:left|color:%234e4e4e|line_height:25px&#187; use_theme_fonts=&#187;yes&#187;][vc_column_text css=&#187;.vc_custom_1673640577675{margin-bottom: 20px !important;}&#187;] 135 \u20ac* \u0432 \u0441\u0443\u0442\u043a\u0438 \u0434\u043e \u0447\u0435\u0442\u044b\u0440\u0435\u0445 \u0447\u0435\u043b\u043e\u0432\u0435\u043a 85 \u20ac* \u0432 \u0441\u0443\u0442\u043a\u0438 \u0434\u043b\u044f \u0434\u0432\u0443\u0445 \u0447\u0435\u043b\u043e\u0432\u0435\u043a, \u0435\u0441\u043b\u0438 \u0438\u0441\u043f\u043e\u043b\u044c\u0437\u0443\u0435\u0442\u0441\u044f \u0442\u043e\u043b\u044c\u043a\u043e \u043e\u0434\u043d\u0430 \u0438\u0437 \u0441\u043f\u0430\u043b\u0435\u043d \u0414\u043e\u043f\u043e\u043b\u043d\u0438\u0442\u0435\u043b\u044c\u043d\u0430\u044f \u043a\u0440\u043e\u0432\u0430\u0442\u044c 15 \u20ac (\u043c\u0430\u043a\u0441\u0438\u043c\u0443\u043c 1 \u0434\u043e\u043f\u043e\u043b\u043d\u0438\u0442\u0435\u043b\u044c\u043d\u0430\u044f \u043e\u0434\u043d\u043e\u0441\u043f\u0430\u043b\u044c\u043d\u0430\u044f \u043a\u0440\u043e\u0432\u0430\u0442\u044c) \u0414\u0435\u0442\u0441\u043a\u0430\u044f \u043a\u0440\u043e\u0432\u0430\u0442\u043a\u0430 \u0431\u0435\u0441\u043f\u043b\u0430\u0442\u043d\u043e \u0423\u0441\u043b\u0443\u0433\u0430 \u043f\u0438\u0442\u0430\u043d\u0438\u044f&#8230;<\/p>\n","protected":false},"author":1,"featured_media":0,"parent":0,"menu_order":0,"comment_status":"closed","ping_status":"closed","template":"","meta":{"footnotes":""},"class_list":["post-271","page","type-page","status-publish","hentry"],"yoast_head":"<!-- This site is optimized with the Yoast SEO plugin v24.4 - https:\/\/yoast.com\/wordpress\/plugins\/seo\/ -->\n<title>\u0426\u0435\u043d\u044b - Valgevilla | kontaktivaba Toila majutus<\/title>\n<meta name=\"description\" content=\"Valgevilla pakub majutust Toilas. Meil on kaks k\u00fclaliskorterit, mis pakuvad meeldej\u00e4\u00e4vat puhkust Ida-Virumaal!\" \/>\n<meta name=\"robots\" content=\"index, follow, max-snippet:-1, max-image-preview:large, max-video-preview:-1\" \/>\n<link rel=\"canonical\" href=\"https:\/\/www.valgevilla.ee\/ru\/\u0446\u0435\u043d\u044b\/\" \/>\n<meta property=\"og:locale\" content=\"ru_RU\" \/>\n<meta property=\"og:type\" content=\"article\" \/>\n<meta property=\"og:title\" content=\"\u0426\u0435\u043d\u044b - Valgevilla | kontaktivaba Toila majutus\" \/>\n<meta property=\"og:description\" content=\"Valgevilla pakub majutust Toilas. Meil on kaks k\u00fclaliskorterit, mis pakuvad meeldej\u00e4\u00e4vat puhkust Ida-Virumaal!\" \/>\n<meta property=\"og:url\" content=\"https:\/\/www.valgevilla.ee\/ru\/\u0446\u0435\u043d\u044b\/\" \/>\n<meta property=\"og:site_name\" content=\"Valgevilla | kontaktivaba Toila majutus\" \/>\n<meta property=\"article:modified_time\" content=\"2024-04-04T20:08:42+00:00\" \/>\n<meta name=\"twitter:card\" content=\"summary_large_image\" \/>\n<meta name=\"twitter:label1\" content=\"\u041f\u0440\u0438\u043c\u0435\u0440\u043d\u043e\u0435 \u0432\u0440\u0435\u043c\u044f \u0434\u043b\u044f \u0447\u0442\u0435\u043d\u0438\u044f\" \/>\n\t<meta name=\"twitter:data1\" content=\"1 \u043c\u0438\u043d\u0443\u0442\u0430\" \/>\n<script type=\"application\/ld+json\" class=\"yoast-schema-graph\">{\"@context\":\"https:\/\/schema.org\",\"@graph\":[{\"@type\":\"WebPage\",\"@id\":\"https:\/\/www.valgevilla.ee\/ru\/%d1%86%d0%b5%d0%bd%d1%8b\/\",\"url\":\"https:\/\/www.valgevilla.ee\/ru\/%d1%86%d0%b5%d0%bd%d1%8b\/\",\"name\":\"\u0426\u0435\u043d\u044b - Valgevilla | kontaktivaba Toila majutus\",\"isPartOf\":{\"@id\":\"https:\/\/www.valgevilla.ee\/#website\"},\"datePublished\":\"2017-09-19T09:06:05+00:00\",\"dateModified\":\"2024-04-04T20:08:42+00:00\",\"description\":\"Valgevilla pakub majutust Toilas. Meil on kaks k\u00fclaliskorterit, mis pakuvad meeldej\u00e4\u00e4vat puhkust Ida-Virumaal!\",\"breadcrumb\":{\"@id\":\"https:\/\/www.valgevilla.ee\/ru\/%d1%86%d0%b5%d0%bd%d1%8b\/#breadcrumb\"},\"inLanguage\":\"ru-RU\",\"potentialAction\":[{\"@type\":\"ReadAction\",\"target\":[\"https:\/\/www.valgevilla.ee\/ru\/%d1%86%d0%b5%d0%bd%d1%8b\/\"]}]},{\"@type\":\"BreadcrumbList\",\"@id\":\"https:\/\/www.valgevilla.ee\/ru\/%d1%86%d0%b5%d0%bd%d1%8b\/#breadcrumb\",\"itemListElement\":[{\"@type\":\"ListItem\",\"position\":1,\"name\":\"Home\",\"item\":\"https:\/\/www.valgevilla.ee\/ru\/\"},{\"@type\":\"ListItem\",\"position\":2,\"name\":\"\u0426\u0435\u043d\u044b\"}]},{\"@type\":\"WebSite\",\"@id\":\"https:\/\/www.valgevilla.ee\/#website\",\"url\":\"https:\/\/www.valgevilla.ee\/\",\"name\":\"Valgevilla | kontaktivaba Toila majutus\",\"description\":\"Kontaktivaba majutus Toilas | Toila Spa hotell\",\"potentialAction\":[{\"@type\":\"SearchAction\",\"target\":{\"@type\":\"EntryPoint\",\"urlTemplate\":\"https:\/\/www.valgevilla.ee\/?s={search_term_string}\"},\"query-input\":{\"@type\":\"PropertyValueSpecification\",\"valueRequired\":true,\"valueName\":\"search_term_string\"}}],\"inLanguage\":\"ru-RU\"}]}<\/script>\n<!-- \/ Yoast SEO plugin. -->","yoast_head_json":{"title":"\u0426\u0435\u043d\u044b - Valgevilla | kontaktivaba Toila majutus","description":"Valgevilla pakub majutust Toilas. Meil on kaks k\u00fclaliskorterit, mis pakuvad meeldej\u00e4\u00e4vat puhkust Ida-Virumaal!","robots":{"index":"index","follow":"follow","max-snippet":"max-snippet:-1","max-image-preview":"max-image-preview:large","max-video-preview":"max-video-preview:-1"},"canonical":"https:\/\/www.valgevilla.ee\/ru\/\u0446\u0435\u043d\u044b\/","og_locale":"ru_RU","og_type":"article","og_title":"\u0426\u0435\u043d\u044b - Valgevilla | kontaktivaba Toila majutus","og_description":"Valgevilla pakub majutust Toilas. Meil on kaks k\u00fclaliskorterit, mis pakuvad meeldej\u00e4\u00e4vat puhkust Ida-Virumaal!","og_url":"https:\/\/www.valgevilla.ee\/ru\/\u0446\u0435\u043d\u044b\/","og_site_name":"Valgevilla | kontaktivaba Toila majutus","article_modified_time":"2024-04-04T20:08:42+00:00","twitter_card":"summary_large_image","twitter_misc":{"\u041f\u0440\u0438\u043c\u0435\u0440\u043d\u043e\u0435 \u0432\u0440\u0435\u043c\u044f \u0434\u043b\u044f \u0447\u0442\u0435\u043d\u0438\u044f":"1 \u043c\u0438\u043d\u0443\u0442\u0430"},"schema":{"@context":"https:\/\/schema.org","@graph":[{"@type":"WebPage","@id":"https:\/\/www.valgevilla.ee\/ru\/%d1%86%d0%b5%d0%bd%d1%8b\/","url":"https:\/\/www.valgevilla.ee\/ru\/%d1%86%d0%b5%d0%bd%d1%8b\/","name":"\u0426\u0435\u043d\u044b - Valgevilla | kontaktivaba Toila majutus","isPartOf":{"@id":"https:\/\/www.valgevilla.ee\/#website"},"datePublished":"2017-09-19T09:06:05+00:00","dateModified":"2024-04-04T20:08:42+00:00","description":"Valgevilla pakub majutust Toilas. Meil on kaks k\u00fclaliskorterit, mis pakuvad meeldej\u00e4\u00e4vat puhkust Ida-Virumaal!","breadcrumb":{"@id":"https:\/\/www.valgevilla.ee\/ru\/%d1%86%d0%b5%d0%bd%d1%8b\/#breadcrumb"},"inLanguage":"ru-RU","potentialAction":[{"@type":"ReadAction","target":["https:\/\/www.valgevilla.ee\/ru\/%d1%86%d0%b5%d0%bd%d1%8b\/"]}]},{"@type":"BreadcrumbList","@id":"https:\/\/www.valgevilla.ee\/ru\/%d1%86%d0%b5%d0%bd%d1%8b\/#breadcrumb","itemListElement":[{"@type":"ListItem","position":1,"name":"Home","item":"https:\/\/www.valgevilla.ee\/ru\/"},{"@type":"ListItem","position":2,"name":"\u0426\u0435\u043d\u044b"}]},{"@type":"WebSite","@id":"https:\/\/www.valgevilla.ee\/#website","url":"https:\/\/www.valgevilla.ee\/","name":"Valgevilla | kontaktivaba Toila majutus","description":"Kontaktivaba majutus Toilas | Toila Spa hotell","potentialAction":[{"@type":"SearchAction","target":{"@type":"EntryPoint","urlTemplate":"https:\/\/www.valgevilla.ee\/?s={search_term_string}"},"query-input":{"@type":"PropertyValueSpecification","valueRequired":true,"valueName":"search_term_string"}}],"inLanguage":"ru-RU"}]}},"_links":{"self":[{"href":"https:\/\/www.valgevilla.ee\/ru\/wp-json\/wp\/v2\/pages\/271","targetHints":{"allow":["GET"]}}],"collection":[{"href":"https:\/\/www.valgevilla.ee\/ru\/wp-json\/wp\/v2\/pages"}],"about":[{"href":"https:\/\/www.valgevilla.ee\/ru\/wp-json\/wp\/v2\/types\/page"}],"author":[{"embeddable":true,"href":"https:\/\/www.valgevilla.ee\/ru\/wp-json\/wp\/v2\/users\/1"}],"replies":[{"embeddable":true,"href":"https:\/\/www.valgevilla.ee\/ru\/wp-json\/wp\/v2\/comments?post=271"}],"version-history":[{"count":7,"href":"https:\/\/www.valgevilla.ee\/ru\/wp-json\/wp\/v2\/pages\/271\/revisions"}],"predecessor-version":[{"id":901,"href":"https:\/\/www.valgevilla.ee\/ru\/wp-json\/wp\/v2\/pages\/271\/revisions\/901"}],"wp:attachment":[{"href":"https:\/\/www.valgevilla.ee\/ru\/wp-json\/wp\/v2\/media?parent=271"}],"curies":[{"name":"wp","href":"https:\/\/api.w.org\/{rel}","templated":true}]}}