{"id":277,"date":"2017-09-19T12:19:30","date_gmt":"2017-09-19T09:19:30","guid":{"rendered":"https:\/\/www.valgevilla.ee\/?page_id=277"},"modified":"2017-09-19T12:19:30","modified_gmt":"2017-09-19T09:19:30","slug":"%d0%b8%d1%81%d1%82%d0%be%d1%80%d0%b8%d1%8f-%d0%b4%d0%be%d0%bc%d0%b0","status":"publish","type":"page","link":"https:\/\/www.valgevilla.ee\/ru\/%d0%b8%d1%81%d1%82%d0%be%d1%80%d0%b8%d1%8f-%d0%b4%d0%be%d0%bc%d0%b0\/","title":{"rendered":"\u0418\u0441\u0442\u043e\u0440\u0438\u044f \u0434\u043e\u043c\u0430"},"content":{"rendered":"<div class=\"wpb-content-wrapper\">[vc_row][vc_column][vc_custom_heading text=&#187;\u0418\u0441\u0442\u043e\u0440\u0438\u044f \u0434\u043e\u043c\u0430&#187; font_container=&#187;tag:h1|font_size:50px|text_align:left|color:%23ffffff|line_height:55px&#187; google_fonts=&#187;font_family:Quicksand%3A300%2Cregular%2C700|font_style:400%20regular%3A400%3Anormal&#187;][\/vc_column][\/vc_row][vc_row][vc_column][vc_column_text]\n<p style=\"text-align: justify;\">\u041c\u0435\u0441\u0442\u043d\u044b\u0435 \u0436\u0438\u0442\u0435\u043b\u0438 \u0437\u043d\u0430\u044e\u0442 \u0438 \u043f\u043e\u043c\u043d\u044f\u0442 \u0411\u0435\u043b\u0443\u044e \u0432\u0438\u043b\u043b\u0443 \u043a\u0430\u043a \u0411\u0435\u043b\u044b\u0439 \u0434\u043e\u043c \u0422\u043e\u0439\u043b\u0430\u0441\u043a\u043e\u0433\u043e \u041e\u0440\u0443-\u043f\u0430\u0440\u043a\u0430, \u0438\u0441\u0442\u043e\u0440\u0438\u044f \u043a\u043e\u0442\u043e\u0440\u043e\u0433\u043e \u043d\u0430\u0447\u0430\u043b\u0430\u0441\u044c \u043d\u0430 \u0440\u0443\u0431\u0435\u0436\u0435 \u043f\u043e\u0437\u0430\u043f\u0440\u043e\u0448\u043b\u043e\u0433\u043e \u0438 \u043f\u0440\u043e\u0448\u043b\u043e\u0433\u043e \u0441\u0442\u043e\u043b\u0435\u0442\u0438\u0439. \u0421\u043e\u0431\u0430\u0447\u0438\u0439, \u0438\u043b\u0438 \u0411\u0435\u043b\u044b\u0439 \u0434\u043e\u043c, \u041e\u0440\u0443-\u043f\u0430\u0440\u043a\u0430 \u043f\u0435\u0440\u0432\u043e\u043d\u0430\u0447\u0430\u043b\u044c\u043d\u043e \u044f\u0432\u043b\u044f\u043b\u0441\u044f \u0447\u0430\u0441\u0442\u044c\u044e \u043a\u043e\u043c\u043f\u043b\u0435\u043a\u0441\u0430 \u041e\u0440\u0443\u0441\u043a\u043e\u0433\u043e \u0437\u0430\u043c\u043a\u0430.<\/p>\n<p style=\"text-align: justify;\">\u0414\u043e\u043c \u0431\u044b\u043b \u043f\u043e\u0441\u0442\u0440\u043e\u0435\u043d \u0432 1897-1899 \u0433\u043e\u0434\u0430\u0445 \u2013 \u0442\u043e\u0433\u0434\u0430 \u0436\u0435, \u043a\u043e\u0433\u0434\u0430 \u0431\u044b\u043b \u0432\u043e\u0437\u0432\u0435\u0434\u0435\u043d \u041e\u0440\u0443\u0441\u043a\u0438\u0439 \u0437\u0430\u043c\u043e\u043a \u0438 \u0440\u0430\u0437\u0431\u0438\u0442 \u043f\u0430\u0440\u043a. \u041f\u043e\u043d\u0430\u0447\u0430\u043b\u0443 \u0434\u043e\u043c \u0441\u0442\u0440\u043e\u0438\u043b\u0441\u044f \u0441 \u0442\u043e\u0439 \u0446\u0435\u043b\u044c\u044e, \u0447\u0442\u043e \u0432 \u043d\u0435\u043c \u0431\u0443\u0434\u0443\u0442 \u0441\u043e\u0434\u0435\u0440\u0436\u0430\u0442\u044c\u0441\u044f \u0441\u043e\u0431\u0430\u043a\u0438. \u0415\u043b\u0438\u0441\u0435\u0435\u0432\u044b \u2013 \u0437\u043d\u0430\u043c\u0435\u043d\u0438\u0442\u0430\u044f \u043a\u0443\u043f\u0435\u0447\u0435\u0441\u043a\u0430\u044f \u0441\u0435\u043c\u044c\u044f \u0438\u0437 \u041f\u0435\u0442\u0435\u0440\u0431\u0443\u0440\u0433\u0430, \u043f\u043e\u0441\u0442\u0440\u043e\u0438\u0432\u0448\u0430\u044f \u0432 \u0422\u043e\u0439\u043b\u0430 \u041e\u0440\u0443\u0441\u043a\u0438\u0439 \u0437\u0430\u043c\u043e\u043a, \u2013 \u0434\u0435\u0440\u0436\u0430\u043b\u0438 \u043e\u0445\u043e\u0442\u043d\u0438\u0447\u044c\u0438\u0445 \u0441\u043e\u0431\u0430\u043a, \u0434\u043b\u044f \u043a\u043e\u0442\u043e\u0440\u044b\u0445 \u0438 \u0441\u0442\u0440\u043e\u0438\u043b\u0441\u044f \u0411\u0435\u043b\u044b\u0439 \u0434\u043e\u043c. \u0413\u043e\u0432\u043e\u0440\u044f\u0442, \u0447\u0442\u043e \u0434\u043e\u043c \u0431\u044b\u043b \u0440\u0430\u0441\u0441\u0447\u0438\u0442\u0430\u043d \u043d\u0430 \u0442\u0440\u0438\u0434\u0446\u0430\u0442\u044c \u0441\u043e\u0431\u0430\u043a, \u043a \u043a\u043e\u0442\u043e\u0440\u044b\u043c \u0431\u044b\u043b\u0438 \u043f\u0440\u0438\u0441\u0442\u0430\u0432\u043b\u0435\u043d\u044b \u043f\u044f\u0442\u044c \u0441\u043b\u0443\u0433.<\/p>\n<p style=\"text-align: justify;\">\u0412\u043e \u0432\u0440\u0435\u043c\u0435\u043d\u0430 \u043f\u0435\u0440\u0432\u043e\u0439 \u042d\u0441\u0442\u043e\u043d\u0441\u043a\u043e\u0439 \u0420\u0435\u0441\u043f\u0443\u0431\u043b\u0438\u043a\u0438, \u0442\u043e \u0435\u0441\u0442\u044c \u043a\u043e\u0433\u0434\u0430 \u0432 \u0437\u0430\u043c\u043a\u0435 \u0440\u0430\u0441\u043f\u043e\u043b\u0430\u0433\u0430\u043b\u0430\u0441\u044c \u043f\u0440\u0435\u0437\u0438\u0434\u0435\u043d\u0442\u0441\u043a\u0430\u044f \u0440\u0435\u0437\u0438\u0434\u0435\u043d\u0446\u0438\u044f, \u0432 \u0434\u043e\u043c\u0435 \u0440\u0430\u0437\u043c\u0435\u0449\u0430\u043b\u0441\u044f \u043f\u043e\u043b\u0438\u0446\u0435\u0439\u0441\u043a\u0438\u0439 \u0443\u0447\u0430\u0441\u0442\u043e\u043a. \u0412\u043e \u0432\u0440\u0435\u043c\u044f \u0412\u0442\u043e\u0440\u043e\u0439 \u043c\u0438\u0440\u043e\u0432\u043e\u0439 \u0432\u043e\u0439\u043d\u044b \u0442\u0430\u043c \u043d\u0430\u0445\u043e\u0434\u0438\u043b\u0441\u044f \u043f\u043e\u043b\u0438\u0446\u0435\u0439\u0441\u043a\u0438\u0439 \u0443\u0447\u0430\u0441\u0442\u043e\u043a \u043d\u0435\u043c\u0446\u0435\u0432, \u0430 \u043f\u043e\u0441\u043b\u0435 \u0432\u043e\u0439\u043d\u044b \u0437\u0434\u0430\u043d\u0438\u0435 \u0438\u0441\u043f\u043e\u043b\u044c\u0437\u043e\u0432\u0430\u043b\u043e\u0441\u044c \u043f\u043e\u0433\u0440\u0430\u043d\u0438\u0447\u043d\u0438\u043a\u0430\u043c\u0438 \u043e\u043a\u043a\u0443\u043f\u0430\u0446\u0438\u043e\u043d\u043d\u044b\u0445 \u0432\u043b\u0430\u0441\u0442\u0435\u0439.<\/p>\n<p style=\"text-align: justify;\">\u041f\u043e\u0437\u0434\u043d\u0435\u0435 \u0432 \u0434\u043e\u043c\u0435 \u043d\u0430\u0445\u043e\u0434\u0438\u043b\u0430\u0441\u044c \u0422\u043e\u0439\u043b\u0430\u0441\u043a\u0430\u044f \u0431\u043e\u043b\u044c\u043d\u0438\u0446\u0430, \u0438\u043d\u0444\u0435\u043a\u0446\u0438\u043e\u043d\u043d\u0430\u044f \u0431\u043e\u043b\u044c\u043d\u0438\u0446\u0430, \u0434\u0435\u0442\u0441\u043a\u0430\u044f \u0431\u043e\u043b\u044c\u043d\u0438\u0446\u0430, \u0442\u0443\u0431\u0435\u0440\u043a\u0443\u043b\u0435\u0437\u043d\u044b\u0439 \u0441\u0430\u043d\u0430\u0442\u043e\u0440\u0438\u0439, \u0434\u0430\u0447\u0430 \u041a\u043e\u0445\u0442\u043b\u0430-\u042f\u0440\u0432\u0435\u0441\u043a\u043e\u0439 \u043c\u044d\u0440\u0438\u0438, \u0445\u0443\u0434\u043e\u0436\u0435\u0441\u0442\u0432\u0435\u043d\u043d\u0430\u044f \u043c\u0430\u0441\u0442\u0435\u0440\u0441\u043a\u0430\u044f \u0438 \u043a\u0432\u0430\u0440\u0442\u0438\u0440\u0430, \u0430\u0434\u043c\u0438\u043d\u0438\u0441\u0442\u0440\u0430\u0442\u0438\u0432\u043d\u043e\u0435 \u0437\u0434\u0430\u043d\u0438\u0435 \u043b\u0435\u0441\u043d\u0438\u0447\u0435\u0441\u0442\u0432\u0430, \u043d\u0435\u043f\u0440\u043e\u0434\u043e\u043b\u0436\u0438\u0442\u0435\u043b\u044c\u043d\u043e\u0435 \u0432\u0440\u0435\u043c\u044f \u043d\u0430 \u043f\u0435\u0440\u0432\u043e\u043c \u044d\u0442\u0430\u0436\u0435 \u0440\u0430\u0431\u043e\u0442\u0430\u043b\u043e \u043d\u0435\u0431\u043e\u043b\u044c\u0448\u043e\u0435 \u043a\u0430\u0444\u0435.<\/p>\n<p style=\"text-align: justify;\">\u041d\u0430 \u0441\u0435\u0433\u043e\u0434\u043d\u044f\u0448\u043d\u0438\u0439 \u0434\u0435\u043d\u044c \u043d\u0430 \u043f\u0435\u0440\u0432\u043e\u043c \u044d\u0442\u0430\u0436\u0435 \u0437\u0434\u0430\u043d\u0438\u044f \u0440\u0430\u0437\u043c\u0435\u0449\u0430\u0435\u0442\u0441\u044f \u0440\u0435\u0430\u0431\u0438\u043b\u0438\u0442\u0430\u0446\u0438\u043e\u043d\u043d\u044b\u0439 \u0446\u0435\u043d\u0442\u0440 Corrigo \u0438 \u0422\u043e\u0439\u043b\u0430\u0441\u043a\u0438\u0439 \u0446\u0435\u043d\u0442\u0440 \u0441\u0435\u043c\u0435\u0439\u043d\u044b\u0445 \u0432\u0440\u0430\u0447\u0435\u0439.<\/p>\n[\/vc_column_text][\/vc_column][\/vc_row]\n<\/div>","protected":false},"excerpt":{"rendered":"<p>[vc_row][vc_column][vc_custom_heading text=&#187;\u0418\u0441\u0442\u043e\u0440\u0438\u044f \u0434\u043e\u043c\u0430&#187; font_container=&#187;tag:h1|font_size:50px|text_align:left|color:%23ffffff|line_height:55px&#187; google_fonts=&#187;font_family:Quicksand%3A300%2Cregular%2C700|font_style:400%20regular%3A400%3Anormal&#187;][\/vc_column][\/vc_row][vc_row][vc_column][vc_column_text] \u041c\u0435\u0441\u0442\u043d\u044b\u0435 \u0436\u0438\u0442\u0435\u043b\u0438 \u0437\u043d\u0430\u044e\u0442 \u0438 \u043f\u043e\u043c\u043d\u044f\u0442 \u0411\u0435\u043b\u0443\u044e \u0432\u0438\u043b\u043b\u0443 \u043a\u0430\u043a \u0411\u0435\u043b\u044b\u0439 \u0434\u043e\u043c \u0422\u043e\u0439\u043b\u0430\u0441\u043a\u043e\u0433\u043e \u041e\u0440\u0443-\u043f\u0430\u0440\u043a\u0430, \u0438\u0441\u0442\u043e\u0440\u0438\u044f \u043a\u043e\u0442\u043e\u0440\u043e\u0433\u043e \u043d\u0430\u0447\u0430\u043b\u0430\u0441\u044c \u043d\u0430 \u0440\u0443\u0431\u0435\u0436\u0435 \u043f\u043e\u0437\u0430\u043f\u0440\u043e\u0448\u043b\u043e\u0433\u043e \u0438 \u043f\u0440\u043e\u0448\u043b\u043e\u0433\u043e \u0441\u0442\u043e\u043b\u0435\u0442\u0438\u0439. \u0421\u043e\u0431\u0430\u0447\u0438\u0439, \u0438\u043b\u0438 \u0411\u0435\u043b\u044b\u0439 \u0434\u043e\u043c, \u041e\u0440\u0443-\u043f\u0430\u0440\u043a\u0430 \u043f\u0435\u0440\u0432\u043e\u043d\u0430\u0447\u0430\u043b\u044c\u043d\u043e \u044f\u0432\u043b\u044f\u043b\u0441\u044f \u0447\u0430\u0441\u0442\u044c\u044e \u043a\u043e\u043c\u043f\u043b\u0435\u043a\u0441\u0430 \u041e\u0440\u0443\u0441\u043a\u043e\u0433\u043e \u0437\u0430\u043c\u043a\u0430. \u0414\u043e\u043c \u0431\u044b\u043b \u043f\u043e\u0441\u0442\u0440\u043e\u0435\u043d \u0432 1897-1899 \u0433\u043e\u0434\u0430\u0445 \u2013 \u0442\u043e\u0433\u0434\u0430 \u0436\u0435, \u043a\u043e\u0433\u0434\u0430 \u0431\u044b\u043b \u0432\u043e\u0437\u0432\u0435\u0434\u0435\u043d \u041e\u0440\u0443\u0441\u043a\u0438\u0439 \u0437\u0430\u043c\u043e\u043a \u0438 \u0440\u0430\u0437\u0431\u0438\u0442 \u043f\u0430\u0440\u043a. \u041f\u043e\u043d\u0430\u0447\u0430\u043b\u0443&#8230;<\/p>\n","protected":false},"author":1,"featured_media":0,"parent":0,"menu_order":0,"comment_status":"closed","ping_status":"closed","template":"","meta":{"footnotes":""},"class_list":["post-277","page","type-page","status-publish","hentry"],"yoast_head":"<!-- This site is optimized with the Yoast SEO plugin v24.4 - https:\/\/yoast.com\/wordpress\/plugins\/seo\/ -->\n<title>\u0418\u0441\u0442\u043e\u0440\u0438\u044f \u0434\u043e\u043c\u0430 - Valgevilla | kontaktivaba Toila majutus<\/title>\n<meta name=\"description\" content=\"Valgevilla pakub majutust Toilas. Meil on kaks k\u00fclaliskorterit, mis pakuvad meeldej\u00e4\u00e4vat puhkust Ida-Virumaal!\" \/>\n<meta name=\"robots\" content=\"index, follow, max-snippet:-1, max-image-preview:large, max-video-preview:-1\" \/>\n<link rel=\"canonical\" href=\"https:\/\/www.valgevilla.ee\/maja-ajalugu\/\" \/>\n<meta property=\"og:locale\" content=\"ru_RU\" \/>\n<meta property=\"og:type\" content=\"article\" \/>\n<meta property=\"og:title\" content=\"\u0418\u0441\u0442\u043e\u0440\u0438\u044f \u0434\u043e\u043c\u0430 - Valgevilla | kontaktivaba Toila majutus\" \/>\n<meta property=\"og:description\" content=\"Valgevilla pakub majutust Toilas. Meil on kaks k\u00fclaliskorterit, mis pakuvad meeldej\u00e4\u00e4vat puhkust Ida-Virumaal!\" \/>\n<meta property=\"og:url\" content=\"https:\/\/www.valgevilla.ee\/maja-ajalugu\/\" \/>\n<meta property=\"og:site_name\" content=\"Valgevilla | kontaktivaba Toila majutus\" \/>\n<meta name=\"twitter:card\" content=\"summary_large_image\" \/>\n<script type=\"application\/ld+json\" class=\"yoast-schema-graph\">{\"@context\":\"https:\/\/schema.org\",\"@graph\":[{\"@type\":\"WebPage\",\"@id\":\"https:\/\/www.valgevilla.ee\/maja-ajalugu\/\",\"url\":\"https:\/\/www.valgevilla.ee\/maja-ajalugu\/\",\"name\":\"\u0418\u0441\u0442\u043e\u0440\u0438\u044f \u0434\u043e\u043c\u0430 - Valgevilla | kontaktivaba Toila majutus\",\"isPartOf\":{\"@id\":\"https:\/\/www.valgevilla.ee\/#website\"},\"datePublished\":\"2017-09-19T09:19:30+00:00\",\"description\":\"Valgevilla pakub majutust Toilas. Meil on kaks k\u00fclaliskorterit, mis pakuvad meeldej\u00e4\u00e4vat puhkust Ida-Virumaal!\",\"breadcrumb\":{\"@id\":\"https:\/\/www.valgevilla.ee\/maja-ajalugu\/#breadcrumb\"},\"inLanguage\":\"ru-RU\",\"potentialAction\":[{\"@type\":\"ReadAction\",\"target\":[\"https:\/\/www.valgevilla.ee\/maja-ajalugu\/\"]}]},{\"@type\":\"BreadcrumbList\",\"@id\":\"https:\/\/www.valgevilla.ee\/maja-ajalugu\/#breadcrumb\",\"itemListElement\":[{\"@type\":\"ListItem\",\"position\":1,\"name\":\"Home\",\"item\":\"https:\/\/www.valgevilla.ee\/ru\/\"},{\"@type\":\"ListItem\",\"position\":2,\"name\":\"\u0418\u0441\u0442\u043e\u0440\u0438\u044f \u0434\u043e\u043c\u0430\"}]},{\"@type\":\"WebSite\",\"@id\":\"https:\/\/www.valgevilla.ee\/#website\",\"url\":\"https:\/\/www.valgevilla.ee\/\",\"name\":\"Valgevilla | kontaktivaba Toila majutus\",\"description\":\"Kontaktivaba majutus Toilas | Toila Spa hotell\",\"potentialAction\":[{\"@type\":\"SearchAction\",\"target\":{\"@type\":\"EntryPoint\",\"urlTemplate\":\"https:\/\/www.valgevilla.ee\/?s={search_term_string}\"},\"query-input\":{\"@type\":\"PropertyValueSpecification\",\"valueRequired\":true,\"valueName\":\"search_term_string\"}}],\"inLanguage\":\"ru-RU\"}]}<\/script>\n<!-- \/ Yoast SEO plugin. -->","yoast_head_json":{"title":"\u0418\u0441\u0442\u043e\u0440\u0438\u044f \u0434\u043e\u043c\u0430 - Valgevilla | kontaktivaba Toila majutus","description":"Valgevilla pakub majutust Toilas. Meil on kaks k\u00fclaliskorterit, mis pakuvad meeldej\u00e4\u00e4vat puhkust Ida-Virumaal!","robots":{"index":"index","follow":"follow","max-snippet":"max-snippet:-1","max-image-preview":"max-image-preview:large","max-video-preview":"max-video-preview:-1"},"canonical":"https:\/\/www.valgevilla.ee\/maja-ajalugu\/","og_locale":"ru_RU","og_type":"article","og_title":"\u0418\u0441\u0442\u043e\u0440\u0438\u044f \u0434\u043e\u043c\u0430 - Valgevilla | kontaktivaba Toila majutus","og_description":"Valgevilla pakub majutust Toilas. Meil on kaks k\u00fclaliskorterit, mis pakuvad meeldej\u00e4\u00e4vat puhkust Ida-Virumaal!","og_url":"https:\/\/www.valgevilla.ee\/maja-ajalugu\/","og_site_name":"Valgevilla | kontaktivaba Toila majutus","twitter_card":"summary_large_image","schema":{"@context":"https:\/\/schema.org","@graph":[{"@type":"WebPage","@id":"https:\/\/www.valgevilla.ee\/maja-ajalugu\/","url":"https:\/\/www.valgevilla.ee\/maja-ajalugu\/","name":"\u0418\u0441\u0442\u043e\u0440\u0438\u044f \u0434\u043e\u043c\u0430 - Valgevilla | kontaktivaba Toila majutus","isPartOf":{"@id":"https:\/\/www.valgevilla.ee\/#website"},"datePublished":"2017-09-19T09:19:30+00:00","description":"Valgevilla pakub majutust Toilas. Meil on kaks k\u00fclaliskorterit, mis pakuvad meeldej\u00e4\u00e4vat puhkust Ida-Virumaal!","breadcrumb":{"@id":"https:\/\/www.valgevilla.ee\/maja-ajalugu\/#breadcrumb"},"inLanguage":"ru-RU","potentialAction":[{"@type":"ReadAction","target":["https:\/\/www.valgevilla.ee\/maja-ajalugu\/"]}]},{"@type":"BreadcrumbList","@id":"https:\/\/www.valgevilla.ee\/maja-ajalugu\/#breadcrumb","itemListElement":[{"@type":"ListItem","position":1,"name":"Home","item":"https:\/\/www.valgevilla.ee\/ru\/"},{"@type":"ListItem","position":2,"name":"\u0418\u0441\u0442\u043e\u0440\u0438\u044f \u0434\u043e\u043c\u0430"}]},{"@type":"WebSite","@id":"https:\/\/www.valgevilla.ee\/#website","url":"https:\/\/www.valgevilla.ee\/","name":"Valgevilla | kontaktivaba Toila majutus","description":"Kontaktivaba majutus Toilas | Toila Spa hotell","potentialAction":[{"@type":"SearchAction","target":{"@type":"EntryPoint","urlTemplate":"https:\/\/www.valgevilla.ee\/?s={search_term_string}"},"query-input":{"@type":"PropertyValueSpecification","valueRequired":true,"valueName":"search_term_string"}}],"inLanguage":"ru-RU"}]}},"_links":{"self":[{"href":"https:\/\/www.valgevilla.ee\/ru\/wp-json\/wp\/v2\/pages\/277","targetHints":{"allow":["GET"]}}],"collection":[{"href":"https:\/\/www.valgevilla.ee\/ru\/wp-json\/wp\/v2\/pages"}],"about":[{"href":"https:\/\/www.valgevilla.ee\/ru\/wp-json\/wp\/v2\/types\/page"}],"author":[{"embeddable":true,"href":"https:\/\/www.valgevilla.ee\/ru\/wp-json\/wp\/v2\/users\/1"}],"replies":[{"embeddable":true,"href":"https:\/\/www.valgevilla.ee\/ru\/wp-json\/wp\/v2\/comments?post=277"}],"version-history":[{"count":1,"href":"https:\/\/www.valgevilla.ee\/ru\/wp-json\/wp\/v2\/pages\/277\/revisions"}],"predecessor-version":[{"id":278,"href":"https:\/\/www.valgevilla.ee\/ru\/wp-json\/wp\/v2\/pages\/277\/revisions\/278"}],"wp:attachment":[{"href":"https:\/\/www.valgevilla.ee\/ru\/wp-json\/wp\/v2\/media?parent=277"}],"curies":[{"name":"wp","href":"https:\/\/api.w.org\/{rel}","templated":true}]}}