{"id":279,"date":"2017-09-19T13:21:45","date_gmt":"2017-09-19T10:21:45","guid":{"rendered":"https:\/\/www.valgevilla.ee\/?page_id=279"},"modified":"2017-09-19T13:21:45","modified_gmt":"2017-09-19T10:21:45","slug":"%d0%bd%d0%b0%d1%88%d0%b8-%d0%b0%d0%bf%d0%b0%d1%80%d1%82%d0%b0%d0%bc%d0%b5%d0%bd%d1%82%d1%8b","status":"publish","type":"page","link":"https:\/\/www.valgevilla.ee\/ru\/%d0%bd%d0%b0%d1%88%d0%b8-%d0%b0%d0%bf%d0%b0%d1%80%d1%82%d0%b0%d0%bc%d0%b5%d0%bd%d1%82%d1%8b\/","title":{"rendered":"\u041d\u0430\u0448\u0438 \u0430\u043f\u0430\u0440\u0442\u0430\u043c\u0435\u043d\u0442\u044b"},"content":{"rendered":"","protected":false},"excerpt":{"rendered":"","protected":false},"author":1,"featured_media":0,"parent":0,"menu_order":0,"comment_status":"closed","ping_status":"closed","template":"","meta":{"footnotes":""},"class_list":["post-279","page","type-page","status-publish","hentry"],"yoast_head":"<!-- This site is optimized with the Yoast SEO plugin v24.4 - https:\/\/yoast.com\/wordpress\/plugins\/seo\/ -->\n<title>\u041d\u0430\u0448\u0438 \u0430\u043f\u0430\u0440\u0442\u0430\u043c\u0435\u043d\u0442\u044b - Valgevilla | kontaktivaba Toila majutus<\/title>\n<meta name=\"description\" content=\"Valgevilla pakub majutust Toilas. Meil on kaks k\u00fclaliskorterit, mis pakuvad meeldej\u00e4\u00e4vat puhkust Ida-Virumaal!\" \/>\n<meta name=\"robots\" content=\"index, follow, max-snippet:-1, max-image-preview:large, max-video-preview:-1\" \/>\n<link rel=\"canonical\" href=\"https:\/\/www.valgevilla.ee\/ru\/\u043d\u0430\u0448\u0438-\u0430\u043f\u0430\u0440\u0442\u0430\u043c\u0435\u043d\u0442\u044b\/\" \/>\n<meta property=\"og:locale\" content=\"ru_RU\" \/>\n<meta property=\"og:type\" content=\"article\" \/>\n<meta property=\"og:title\" content=\"\u041d\u0430\u0448\u0438 \u0430\u043f\u0430\u0440\u0442\u0430\u043c\u0435\u043d\u0442\u044b - Valgevilla | kontaktivaba Toila majutus\" \/>\n<meta property=\"og:description\" content=\"Valgevilla pakub majutust Toilas. Meil on kaks k\u00fclaliskorterit, mis pakuvad meeldej\u00e4\u00e4vat puhkust Ida-Virumaal!\" \/>\n<meta property=\"og:url\" content=\"https:\/\/www.valgevilla.ee\/ru\/\u043d\u0430\u0448\u0438-\u0430\u043f\u0430\u0440\u0442\u0430\u043c\u0435\u043d\u0442\u044b\/\" \/>\n<meta property=\"og:site_name\" content=\"Valgevilla | kontaktivaba Toila majutus\" \/>\n<meta name=\"twitter:card\" content=\"summary_large_image\" \/>\n<script type=\"application\/ld+json\" class=\"yoast-schema-graph\">{\"@context\":\"https:\/\/schema.org\",\"@graph\":[{\"@type\":\"WebPage\",\"@id\":\"https:\/\/www.valgevilla.ee\/ru\/%d0%bd%d0%b0%d1%88%d0%b8-%d0%b0%d0%bf%d0%b0%d1%80%d1%82%d0%b0%d0%bc%d0%b5%d0%bd%d1%82%d1%8b\/\",\"url\":\"https:\/\/www.valgevilla.ee\/ru\/%d0%bd%d0%b0%d1%88%d0%b8-%d0%b0%d0%bf%d0%b0%d1%80%d1%82%d0%b0%d0%bc%d0%b5%d0%bd%d1%82%d1%8b\/\",\"name\":\"\u041d\u0430\u0448\u0438 \u0430\u043f\u0430\u0440\u0442\u0430\u043c\u0435\u043d\u0442\u044b - Valgevilla | kontaktivaba Toila majutus\",\"isPartOf\":{\"@id\":\"https:\/\/www.valgevilla.ee\/#website\"},\"datePublished\":\"2017-09-19T10:21:45+00:00\",\"description\":\"Valgevilla pakub majutust Toilas. Meil on kaks k\u00fclaliskorterit, mis pakuvad meeldej\u00e4\u00e4vat puhkust Ida-Virumaal!\",\"breadcrumb\":{\"@id\":\"https:\/\/www.valgevilla.ee\/ru\/%d0%bd%d0%b0%d1%88%d0%b8-%d0%b0%d0%bf%d0%b0%d1%80%d1%82%d0%b0%d0%bc%d0%b5%d0%bd%d1%82%d1%8b\/#breadcrumb\"},\"inLanguage\":\"ru-RU\",\"potentialAction\":[{\"@type\":\"ReadAction\",\"target\":[\"https:\/\/www.valgevilla.ee\/ru\/%d0%bd%d0%b0%d1%88%d0%b8-%d0%b0%d0%bf%d0%b0%d1%80%d1%82%d0%b0%d0%bc%d0%b5%d0%bd%d1%82%d1%8b\/\"]}]},{\"@type\":\"BreadcrumbList\",\"@id\":\"https:\/\/www.valgevilla.ee\/ru\/%d0%bd%d0%b0%d1%88%d0%b8-%d0%b0%d0%bf%d0%b0%d1%80%d1%82%d0%b0%d0%bc%d0%b5%d0%bd%d1%82%d1%8b\/#breadcrumb\",\"itemListElement\":[{\"@type\":\"ListItem\",\"position\":1,\"name\":\"Home\",\"item\":\"https:\/\/www.valgevilla.ee\/ru\/\"},{\"@type\":\"ListItem\",\"position\":2,\"name\":\"\u041d\u0430\u0448\u0438 \u0430\u043f\u0430\u0440\u0442\u0430\u043c\u0435\u043d\u0442\u044b\"}]},{\"@type\":\"WebSite\",\"@id\":\"https:\/\/www.valgevilla.ee\/#website\",\"url\":\"https:\/\/www.valgevilla.ee\/\",\"name\":\"Valgevilla | kontaktivaba Toila majutus\",\"description\":\"Kontaktivaba majutus Toilas | Toila Spa hotell\",\"potentialAction\":[{\"@type\":\"SearchAction\",\"target\":{\"@type\":\"EntryPoint\",\"urlTemplate\":\"https:\/\/www.valgevilla.ee\/?s={search_term_string}\"},\"query-input\":{\"@type\":\"PropertyValueSpecification\",\"valueRequired\":true,\"valueName\":\"search_term_string\"}}],\"inLanguage\":\"ru-RU\"}]}<\/script>\n<!-- \/ Yoast SEO plugin. -->","yoast_head_json":{"title":"\u041d\u0430\u0448\u0438 \u0430\u043f\u0430\u0440\u0442\u0430\u043c\u0435\u043d\u0442\u044b - Valgevilla | kontaktivaba Toila majutus","description":"Valgevilla pakub majutust Toilas. Meil on kaks k\u00fclaliskorterit, mis pakuvad meeldej\u00e4\u00e4vat puhkust Ida-Virumaal!","robots":{"index":"index","follow":"follow","max-snippet":"max-snippet:-1","max-image-preview":"max-image-preview:large","max-video-preview":"max-video-preview:-1"},"canonical":"https:\/\/www.valgevilla.ee\/ru\/\u043d\u0430\u0448\u0438-\u0430\u043f\u0430\u0440\u0442\u0430\u043c\u0435\u043d\u0442\u044b\/","og_locale":"ru_RU","og_type":"article","og_title":"\u041d\u0430\u0448\u0438 \u0430\u043f\u0430\u0440\u0442\u0430\u043c\u0435\u043d\u0442\u044b - Valgevilla | kontaktivaba Toila majutus","og_description":"Valgevilla pakub majutust Toilas. Meil on kaks k\u00fclaliskorterit, mis pakuvad meeldej\u00e4\u00e4vat puhkust Ida-Virumaal!","og_url":"https:\/\/www.valgevilla.ee\/ru\/\u043d\u0430\u0448\u0438-\u0430\u043f\u0430\u0440\u0442\u0430\u043c\u0435\u043d\u0442\u044b\/","og_site_name":"Valgevilla | kontaktivaba Toila majutus","twitter_card":"summary_large_image","schema":{"@context":"https:\/\/schema.org","@graph":[{"@type":"WebPage","@id":"https:\/\/www.valgevilla.ee\/ru\/%d0%bd%d0%b0%d1%88%d0%b8-%d0%b0%d0%bf%d0%b0%d1%80%d1%82%d0%b0%d0%bc%d0%b5%d0%bd%d1%82%d1%8b\/","url":"https:\/\/www.valgevilla.ee\/ru\/%d0%bd%d0%b0%d1%88%d0%b8-%d0%b0%d0%bf%d0%b0%d1%80%d1%82%d0%b0%d0%bc%d0%b5%d0%bd%d1%82%d1%8b\/","name":"\u041d\u0430\u0448\u0438 \u0430\u043f\u0430\u0440\u0442\u0430\u043c\u0435\u043d\u0442\u044b - Valgevilla | kontaktivaba Toila majutus","isPartOf":{"@id":"https:\/\/www.valgevilla.ee\/#website"},"datePublished":"2017-09-19T10:21:45+00:00","description":"Valgevilla pakub majutust Toilas. Meil on kaks k\u00fclaliskorterit, mis pakuvad meeldej\u00e4\u00e4vat puhkust Ida-Virumaal!","breadcrumb":{"@id":"https:\/\/www.valgevilla.ee\/ru\/%d0%bd%d0%b0%d1%88%d0%b8-%d0%b0%d0%bf%d0%b0%d1%80%d1%82%d0%b0%d0%bc%d0%b5%d0%bd%d1%82%d1%8b\/#breadcrumb"},"inLanguage":"ru-RU","potentialAction":[{"@type":"ReadAction","target":["https:\/\/www.valgevilla.ee\/ru\/%d0%bd%d0%b0%d1%88%d0%b8-%d0%b0%d0%bf%d0%b0%d1%80%d1%82%d0%b0%d0%bc%d0%b5%d0%bd%d1%82%d1%8b\/"]}]},{"@type":"BreadcrumbList","@id":"https:\/\/www.valgevilla.ee\/ru\/%d0%bd%d0%b0%d1%88%d0%b8-%d0%b0%d0%bf%d0%b0%d1%80%d1%82%d0%b0%d0%bc%d0%b5%d0%bd%d1%82%d1%8b\/#breadcrumb","itemListElement":[{"@type":"ListItem","position":1,"name":"Home","item":"https:\/\/www.valgevilla.ee\/ru\/"},{"@type":"ListItem","position":2,"name":"\u041d\u0430\u0448\u0438 \u0430\u043f\u0430\u0440\u0442\u0430\u043c\u0435\u043d\u0442\u044b"}]},{"@type":"WebSite","@id":"https:\/\/www.valgevilla.ee\/#website","url":"https:\/\/www.valgevilla.ee\/","name":"Valgevilla | kontaktivaba Toila majutus","description":"Kontaktivaba majutus Toilas | Toila Spa hotell","potentialAction":[{"@type":"SearchAction","target":{"@type":"EntryPoint","urlTemplate":"https:\/\/www.valgevilla.ee\/?s={search_term_string}"},"query-input":{"@type":"PropertyValueSpecification","valueRequired":true,"valueName":"search_term_string"}}],"inLanguage":"ru-RU"}]}},"_links":{"self":[{"href":"https:\/\/www.valgevilla.ee\/ru\/wp-json\/wp\/v2\/pages\/279","targetHints":{"allow":["GET"]}}],"collection":[{"href":"https:\/\/www.valgevilla.ee\/ru\/wp-json\/wp\/v2\/pages"}],"about":[{"href":"https:\/\/www.valgevilla.ee\/ru\/wp-json\/wp\/v2\/types\/page"}],"author":[{"embeddable":true,"href":"https:\/\/www.valgevilla.ee\/ru\/wp-json\/wp\/v2\/users\/1"}],"replies":[{"embeddable":true,"href":"https:\/\/www.valgevilla.ee\/ru\/wp-json\/wp\/v2\/comments?post=279"}],"version-history":[{"count":1,"href":"https:\/\/www.valgevilla.ee\/ru\/wp-json\/wp\/v2\/pages\/279\/revisions"}],"predecessor-version":[{"id":280,"href":"https:\/\/www.valgevilla.ee\/ru\/wp-json\/wp\/v2\/pages\/279\/revisions\/280"}],"wp:attachment":[{"href":"https:\/\/www.valgevilla.ee\/ru\/wp-json\/wp\/v2\/media?parent=279"}],"curies":[{"name":"wp","href":"https:\/\/api.w.org\/{rel}","templated":true}]}}