{"id":283,"date":"2017-09-19T13:27:38","date_gmt":"2017-09-19T10:27:38","guid":{"rendered":"https:\/\/www.valgevilla.ee\/?page_id=283"},"modified":"2017-09-19T13:27:38","modified_gmt":"2017-09-19T10:27:38","slug":"%d0%b0%d0%bf%d0%b0%d1%80%d1%82%d0%b0%d0%bc%d0%b5%d0%bd%d1%82%d1%8b-%d0%bf%d0%bb%d1%8f%d0%b6","status":"publish","type":"page","link":"https:\/\/www.valgevilla.ee\/ru\/%d0%bd%d0%b0%d1%88%d0%b8-%d0%b0%d0%bf%d0%b0%d1%80%d1%82%d0%b0%d0%bc%d0%b5%d0%bd%d1%82%d1%8b\/%d0%b0%d0%bf%d0%b0%d1%80%d1%82%d0%b0%d0%bc%d0%b5%d0%bd%d1%82%d1%8b-%d0%bf%d0%bb%d1%8f%d0%b6\/","title":{"rendered":"\u0410\u043f\u0430\u0440\u0442\u0430\u043c\u0435\u043d\u0442\u044b \u00ab\u041f\u041b\u042f\u0416\u00bb"},"content":{"rendered":"<div class=\"wpb-content-wrapper\">[vc_row el_class=&#187;tuba-tekst&#187;][vc_column][vc_column_text el_class=&#187;tuba-tekst-inner&#187;]\n<h1>\u0410\u043f\u0430\u0440\u0442\u0430\u043c\u0435\u043d\u0442\u044b <span style=\"font-family: 'Bad Script';\">\u00ab\u041f\u041b\u042f\u0416\u00bb<\/span><\/h1>\n<p>\u0412\u043e \u0432\u043c\u0435\u0441\u0442\u0438\u0442\u0435\u043b\u044c\u043d\u044b\u0445 \u0438 \u0443\u0434\u043e\u0431\u043d\u044b\u0445 \u0430\u043f\u0430\u0440\u0442\u0430\u043c\u0435\u043d\u0442\u0430\u0445 \u00ab\u041f\u041b\u042f\u0416\u00bb (70 \u043c2), \u0440\u0430\u0441\u043f\u043e\u043b\u043e\u0436\u0435\u043d\u043d\u044b\u0445 \u043d\u0430 \u0432\u0442\u043e\u0440\u043e\u043c \u044d\u0442\u0430\u0436\u0435 \u0411\u0435\u043b\u043e\u0439 \u0432\u0438\u043b\u043b\u044b, \u0438\u043c\u0435\u044e\u0442\u0441\u044f \u0441\u043f\u0430\u043b\u044c\u043d\u044f, \u0445\u043e\u0440\u043e\u0448\u043e \u043e\u0431\u043e\u0440\u0443\u0434\u043e\u0432\u0430\u043d\u043d\u0430\u044f \u043a\u0443\u0445\u043d\u044f, \u0442\u0443\u0430\u043b\u0435\u0442, \u0434\u0443\u0448\u0435\u0432\u0430\u044f \u0441 \u0444\u0438\u043d\u0441\u043a\u043e\u0439 \u0441\u0430\u0443\u043d\u043e\u0439 \u0438 \u0431\u043e\u043b\u044c\u0448\u0430\u044f \u0433\u043e\u0441\u0442\u0438\u043d\u0430\u044f \u0441 \u043e\u0442\u043a\u0440\u044b\u0442\u043e\u0439 \u043f\u043b\u0430\u043d\u0438\u0440\u043e\u0432\u043a\u043e\u0439.<\/p>\n<p>\u0412 \u0441\u043f\u0430\u043b\u044c\u043d\u0435 \u2013 \u0443\u0434\u043e\u0431\u043d\u0430\u044f \u0434\u0432\u0443\u0445\u043c\u0435\u0441\u0442\u043d\u0430\u044f \u043a\u0440\u043e\u0432\u0430\u0442\u044c. \u0417\u0430 \u0434\u043e\u043f\u043e\u043b\u043d\u0438\u0442\u0435\u043b\u044c\u043d\u0443\u044e \u043f\u043b\u0430\u0442\u0443 \u0432 \u043a\u0432\u0430\u0440\u0442\u0438\u0440\u0435 \u043c\u043e\u0436\u043d\u043e \u0443\u0441\u0442\u0430\u043d\u043e\u0432\u0438\u0442\u044c \u0435\u0449\u0435 \u043e\u0434\u043d\u0443 \u043e\u0434\u043d\u043e\u0441\u043f\u0430\u043b\u044c\u043d\u0443\u044e \u043a\u0440\u043e\u0432\u0430\u0442\u044c. \u0421\u0435\u043c\u044c\u044f\u043c, \u043f\u0443\u0442\u0435\u0448\u0435\u0441\u0442\u0432\u0443\u044e\u0449\u0438\u043c \u0441 \u0441\u043e\u0432\u0441\u0435\u043c \u043c\u0430\u043b\u0435\u043d\u044c\u043a\u0438\u043c \u0440\u0435\u0431\u0435\u043d\u043a\u043e\u043c, \u043c\u044b \u0431\u0435\u0441\u043f\u043b\u0430\u0442\u043d\u043e \u043f\u0440\u0435\u0434\u043b\u0430\u0433\u0430\u0435\u043c \u0434\u0435\u0442\u0441\u043a\u0443\u044e \u0434\u043e\u0440\u043e\u0436\u043d\u0443\u044e \u043a\u0440\u043e\u0432\u0430\u0442\u043a\u0443.<\/p>\n<p>\u0412 \u0440\u0430\u0441\u043f\u043e\u0440\u044f\u0436\u0435\u043d\u0438\u0438 \u043f\u043e\u0441\u0442\u043e\u044f\u043b\u044c\u0446\u0435\u0432 \u2013 \u0441\u043e\u0432\u0440\u0435\u043c\u0435\u043d\u043d\u0430\u044f \u043a\u0443\u0445\u043d\u044f \u0441\u043e \u0432\u0441\u0435\u043c \u043d\u0435\u043e\u0431\u0445\u043e\u0434\u0438\u043c\u044b\u043c: \u0445\u043e\u043b\u043e\u0434\u0438\u043b\u044c\u043d\u0438\u043a, \u0434\u0443\u0445\u043e\u0432\u043a\u0430, \u043f\u043b\u0438\u0442\u0430, \u043c\u0438\u043a\u0440\u043e\u0432\u043e\u043b\u043d\u043e\u0432\u0430\u044f \u043f\u0435\u0447\u044c, \u043f\u043e\u0441\u0443\u0434\u043e\u043c\u043e\u0435\u0447\u043d\u0430\u044f \u043c\u0430\u0448\u0438\u043d\u0430, \u043a\u043e\u0444\u0435\u043c\u0430\u0448\u0438\u043d\u0430, \u044d\u043b\u0435\u043a\u0442\u0440\u0438\u0447\u0435\u0441\u043a\u0438\u0439 \u0447\u0430\u0439\u043d\u0438\u043a, \u043a\u0430\u0441\u0442\u0440\u044e\u043b\u0438-\u0441\u043a\u043e\u0432\u043e\u0440\u043e\u0434\u043a\u0438, \u043a\u0435\u0440\u0430\u043c\u0438\u0447\u0435\u0441\u043a\u0430\u044f \u043f\u043e\u0441\u0443\u0434\u0430, \u0430 \u0442\u0430\u043a\u0436\u0435 \u043f\u0440\u0438\u043f\u0440\u0430\u0432\u044b, \u043a\u043e\u0444\u0435 \u0438 \u0447\u0430\u0439. \u041f\u043e\u043c\u0438\u043c\u043e \u043a\u0443\u0445\u043e\u043d\u043d\u043e\u0433\u043e \u0443\u0433\u043e\u043b\u043a\u0430 \u043d\u0430\u0448\u0438 \u043f\u043e\u0441\u0442\u043e\u044f\u043b\u044c\u0446\u044b \u043c\u043e\u0433\u0443\u0442 \u043f\u043e\u043b\u044c\u0437\u043e\u0432\u0430\u0442\u044c\u0441\u044f \u043a\u0443\u043f\u043e\u043b\u044c\u043d\u044b\u043c \u0433\u0440\u0438\u043b\u0435\u043c, \u043a\u043e\u0442\u043e\u0440\u044b\u0439 \u043d\u0430\u0445\u043e\u0434\u0438\u0442\u0441\u044f \u0432\u043e \u0434\u0432\u043e\u0440\u0435 \u0411\u0435\u043b\u043e\u0439 \u0432\u0438\u043b\u043b\u044b.<br \/>\n\u0418\u0437 \u043f\u0440\u0438\u043d\u0430\u0434\u043b\u0435\u0436\u043d\u043e\u0441\u0442\u0435\u0439, \u043f\u043e\u0432\u044b\u0448\u0430\u044e\u0449\u0438\u0445 \u0443\u0434\u043e\u0431\u0441\u0442\u0432\u043e, \u0432 \u0430\u043f\u0430\u0440\u0442\u0430\u043c\u0435\u043d\u0442\u0430\u0445 \u0442\u0430\u043a\u0436\u0435 \u0438\u043c\u0435\u044e\u0442\u0441\u044f \u0444\u0435\u043d \u0438 \u0445\u0430\u043b\u0430\u0442\u044b.[\/vc_column_text][\/vc_column][\/vc_row][vc_row][vc_column][rev_slider_vc alias=&#187;rand&#187;][\/vc_column][\/vc_row]\n<\/div>","protected":false},"excerpt":{"rendered":"<p>[vc_row el_class=&#187;tuba-tekst&#187;][vc_column][vc_column_text el_class=&#187;tuba-tekst-inner&#187;] \u0410\u043f\u0430\u0440\u0442\u0430\u043c\u0435\u043d\u0442\u044b \u00ab\u041f\u041b\u042f\u0416\u00bb \u0412\u043e \u0432\u043c\u0435\u0441\u0442\u0438\u0442\u0435\u043b\u044c\u043d\u044b\u0445 \u0438 \u0443\u0434\u043e\u0431\u043d\u044b\u0445 \u0430\u043f\u0430\u0440\u0442\u0430\u043c\u0435\u043d\u0442\u0430\u0445 \u00ab\u041f\u041b\u042f\u0416\u00bb (70 \u043c2), \u0440\u0430\u0441\u043f\u043e\u043b\u043e\u0436\u0435\u043d\u043d\u044b\u0445 \u043d\u0430 \u0432\u0442\u043e\u0440\u043e\u043c \u044d\u0442\u0430\u0436\u0435 \u0411\u0435\u043b\u043e\u0439 \u0432\u0438\u043b\u043b\u044b, \u0438\u043c\u0435\u044e\u0442\u0441\u044f \u0441\u043f\u0430\u043b\u044c\u043d\u044f, \u0445\u043e\u0440\u043e\u0448\u043e \u043e\u0431\u043e\u0440\u0443\u0434\u043e\u0432\u0430\u043d\u043d\u0430\u044f \u043a\u0443\u0445\u043d\u044f, \u0442\u0443\u0430\u043b\u0435\u0442, \u0434\u0443\u0448\u0435\u0432\u0430\u044f \u0441 \u0444\u0438\u043d\u0441\u043a\u043e\u0439 \u0441\u0430\u0443\u043d\u043e\u0439 \u0438 \u0431\u043e\u043b\u044c\u0448\u0430\u044f \u0433\u043e\u0441\u0442\u0438\u043d\u0430\u044f \u0441 \u043e\u0442\u043a\u0440\u044b\u0442\u043e\u0439 \u043f\u043b\u0430\u043d\u0438\u0440\u043e\u0432\u043a\u043e\u0439. \u0412 \u0441\u043f\u0430\u043b\u044c\u043d\u0435 \u2013 \u0443\u0434\u043e\u0431\u043d\u0430\u044f \u0434\u0432\u0443\u0445\u043c\u0435\u0441\u0442\u043d\u0430\u044f \u043a\u0440\u043e\u0432\u0430\u0442\u044c. \u0417\u0430 \u0434\u043e\u043f\u043e\u043b\u043d\u0438\u0442\u0435\u043b\u044c\u043d\u0443\u044e \u043f\u043b\u0430\u0442\u0443 \u0432 \u043a\u0432\u0430\u0440\u0442\u0438\u0440\u0435 \u043c\u043e\u0436\u043d\u043e \u0443\u0441\u0442\u0430\u043d\u043e\u0432\u0438\u0442\u044c \u0435\u0449\u0435 \u043e\u0434\u043d\u0443 \u043e\u0434\u043d\u043e\u0441\u043f\u0430\u043b\u044c\u043d\u0443\u044e \u043a\u0440\u043e\u0432\u0430\u0442\u044c. \u0421\u0435\u043c\u044c\u044f\u043c, \u043f\u0443\u0442\u0435\u0448\u0435\u0441\u0442\u0432\u0443\u044e\u0449\u0438\u043c \u0441&#8230;<\/p>\n","protected":false},"author":1,"featured_media":0,"parent":279,"menu_order":0,"comment_status":"closed","ping_status":"closed","template":"page-full.php","meta":{"footnotes":""},"class_list":["post-283","page","type-page","status-publish","hentry"],"yoast_head":"<!-- This site is optimized with the Yoast SEO plugin v24.4 - https:\/\/yoast.com\/wordpress\/plugins\/seo\/ -->\n<title>\u0410\u043f\u0430\u0440\u0442\u0430\u043c\u0435\u043d\u0442\u044b \u00ab\u041f\u041b\u042f\u0416\u00bb - Valgevilla | kontaktivaba Toila majutus<\/title>\n<meta name=\"description\" content=\"Valgevilla pakub majutust Toilas. Meil on kaks k\u00fclaliskorterit, mis pakuvad meeldej\u00e4\u00e4vat puhkust Ida-Virumaal!\" \/>\n<meta name=\"robots\" content=\"index, follow, max-snippet:-1, max-image-preview:large, max-video-preview:-1\" \/>\n<link rel=\"canonical\" href=\"https:\/\/www.valgevilla.ee\/ru\/\u043d\u0430\u0448\u0438-\u0430\u043f\u0430\u0440\u0442\u0430\u043c\u0435\u043d\u0442\u044b\/\u0430\u043f\u0430\u0440\u0442\u0430\u043c\u0435\u043d\u0442\u044b-\u043f\u043b\u044f\u0436\/\" \/>\n<meta property=\"og:locale\" content=\"ru_RU\" \/>\n<meta property=\"og:type\" content=\"article\" \/>\n<meta property=\"og:title\" content=\"\u0410\u043f\u0430\u0440\u0442\u0430\u043c\u0435\u043d\u0442\u044b \u00ab\u041f\u041b\u042f\u0416\u00bb - Valgevilla | kontaktivaba Toila majutus\" \/>\n<meta property=\"og:description\" content=\"Valgevilla pakub majutust Toilas. Meil on kaks k\u00fclaliskorterit, mis pakuvad meeldej\u00e4\u00e4vat puhkust Ida-Virumaal!\" \/>\n<meta property=\"og:url\" content=\"https:\/\/www.valgevilla.ee\/ru\/\u043d\u0430\u0448\u0438-\u0430\u043f\u0430\u0440\u0442\u0430\u043c\u0435\u043d\u0442\u044b\/\u0430\u043f\u0430\u0440\u0442\u0430\u043c\u0435\u043d\u0442\u044b-\u043f\u043b\u044f\u0436\/\" \/>\n<meta property=\"og:site_name\" content=\"Valgevilla | kontaktivaba Toila majutus\" \/>\n<meta name=\"twitter:card\" content=\"summary_large_image\" \/>\n<script type=\"application\/ld+json\" class=\"yoast-schema-graph\">{\"@context\":\"https:\/\/schema.org\",\"@graph\":[{\"@type\":\"WebPage\",\"@id\":\"https:\/\/www.valgevilla.ee\/ru\/%d0%bd%d0%b0%d1%88%d0%b8-%d0%b0%d0%bf%d0%b0%d1%80%d1%82%d0%b0%d0%bc%d0%b5%d0%bd%d1%82%d1%8b\/%d0%b0%d0%bf%d0%b0%d1%80%d1%82%d0%b0%d0%bc%d0%b5%d0%bd%d1%82%d1%8b-%d0%bf%d0%bb%d1%8f%d0%b6\/\",\"url\":\"https:\/\/www.valgevilla.ee\/ru\/%d0%bd%d0%b0%d1%88%d0%b8-%d0%b0%d0%bf%d0%b0%d1%80%d1%82%d0%b0%d0%bc%d0%b5%d0%bd%d1%82%d1%8b\/%d0%b0%d0%bf%d0%b0%d1%80%d1%82%d0%b0%d0%bc%d0%b5%d0%bd%d1%82%d1%8b-%d0%bf%d0%bb%d1%8f%d0%b6\/\",\"name\":\"\u0410\u043f\u0430\u0440\u0442\u0430\u043c\u0435\u043d\u0442\u044b \u00ab\u041f\u041b\u042f\u0416\u00bb - Valgevilla | kontaktivaba Toila majutus\",\"isPartOf\":{\"@id\":\"https:\/\/www.valgevilla.ee\/#website\"},\"datePublished\":\"2017-09-19T10:27:38+00:00\",\"description\":\"Valgevilla pakub majutust Toilas. Meil on kaks k\u00fclaliskorterit, mis pakuvad meeldej\u00e4\u00e4vat puhkust Ida-Virumaal!\",\"breadcrumb\":{\"@id\":\"https:\/\/www.valgevilla.ee\/ru\/%d0%bd%d0%b0%d1%88%d0%b8-%d0%b0%d0%bf%d0%b0%d1%80%d1%82%d0%b0%d0%bc%d0%b5%d0%bd%d1%82%d1%8b\/%d0%b0%d0%bf%d0%b0%d1%80%d1%82%d0%b0%d0%bc%d0%b5%d0%bd%d1%82%d1%8b-%d0%bf%d0%bb%d1%8f%d0%b6\/#breadcrumb\"},\"inLanguage\":\"ru-RU\",\"potentialAction\":[{\"@type\":\"ReadAction\",\"target\":[\"https:\/\/www.valgevilla.ee\/ru\/%d0%bd%d0%b0%d1%88%d0%b8-%d0%b0%d0%bf%d0%b0%d1%80%d1%82%d0%b0%d0%bc%d0%b5%d0%bd%d1%82%d1%8b\/%d0%b0%d0%bf%d0%b0%d1%80%d1%82%d0%b0%d0%bc%d0%b5%d0%bd%d1%82%d1%8b-%d0%bf%d0%bb%d1%8f%d0%b6\/\"]}]},{\"@type\":\"BreadcrumbList\",\"@id\":\"https:\/\/www.valgevilla.ee\/ru\/%d0%bd%d0%b0%d1%88%d0%b8-%d0%b0%d0%bf%d0%b0%d1%80%d1%82%d0%b0%d0%bc%d0%b5%d0%bd%d1%82%d1%8b\/%d0%b0%d0%bf%d0%b0%d1%80%d1%82%d0%b0%d0%bc%d0%b5%d0%bd%d1%82%d1%8b-%d0%bf%d0%bb%d1%8f%d0%b6\/#breadcrumb\",\"itemListElement\":[{\"@type\":\"ListItem\",\"position\":1,\"name\":\"Home\",\"item\":\"https:\/\/www.valgevilla.ee\/ru\/\"},{\"@type\":\"ListItem\",\"position\":2,\"name\":\"\u041d\u0430\u0448\u0438 \u0430\u043f\u0430\u0440\u0442\u0430\u043c\u0435\u043d\u0442\u044b\",\"item\":\"https:\/\/www.valgevilla.ee\/ru\/%d0%bd%d0%b0%d1%88%d0%b8-%d0%b0%d0%bf%d0%b0%d1%80%d1%82%d0%b0%d0%bc%d0%b5%d0%bd%d1%82%d1%8b\/\"},{\"@type\":\"ListItem\",\"position\":3,\"name\":\"\u0410\u043f\u0430\u0440\u0442\u0430\u043c\u0435\u043d\u0442\u044b \u00ab\u041f\u041b\u042f\u0416\u00bb\"}]},{\"@type\":\"WebSite\",\"@id\":\"https:\/\/www.valgevilla.ee\/#website\",\"url\":\"https:\/\/www.valgevilla.ee\/\",\"name\":\"Valgevilla | kontaktivaba Toila majutus\",\"description\":\"Kontaktivaba majutus Toilas | Toila Spa hotell\",\"potentialAction\":[{\"@type\":\"SearchAction\",\"target\":{\"@type\":\"EntryPoint\",\"urlTemplate\":\"https:\/\/www.valgevilla.ee\/?s={search_term_string}\"},\"query-input\":{\"@type\":\"PropertyValueSpecification\",\"valueRequired\":true,\"valueName\":\"search_term_string\"}}],\"inLanguage\":\"ru-RU\"}]}<\/script>\n<!-- \/ Yoast SEO plugin. -->","yoast_head_json":{"title":"\u0410\u043f\u0430\u0440\u0442\u0430\u043c\u0435\u043d\u0442\u044b \u00ab\u041f\u041b\u042f\u0416\u00bb - Valgevilla | kontaktivaba Toila majutus","description":"Valgevilla pakub majutust Toilas. Meil on kaks k\u00fclaliskorterit, mis pakuvad meeldej\u00e4\u00e4vat puhkust Ida-Virumaal!","robots":{"index":"index","follow":"follow","max-snippet":"max-snippet:-1","max-image-preview":"max-image-preview:large","max-video-preview":"max-video-preview:-1"},"canonical":"https:\/\/www.valgevilla.ee\/ru\/\u043d\u0430\u0448\u0438-\u0430\u043f\u0430\u0440\u0442\u0430\u043c\u0435\u043d\u0442\u044b\/\u0430\u043f\u0430\u0440\u0442\u0430\u043c\u0435\u043d\u0442\u044b-\u043f\u043b\u044f\u0436\/","og_locale":"ru_RU","og_type":"article","og_title":"\u0410\u043f\u0430\u0440\u0442\u0430\u043c\u0435\u043d\u0442\u044b \u00ab\u041f\u041b\u042f\u0416\u00bb - Valgevilla | kontaktivaba Toila majutus","og_description":"Valgevilla pakub majutust Toilas. Meil on kaks k\u00fclaliskorterit, mis pakuvad meeldej\u00e4\u00e4vat puhkust Ida-Virumaal!","og_url":"https:\/\/www.valgevilla.ee\/ru\/\u043d\u0430\u0448\u0438-\u0430\u043f\u0430\u0440\u0442\u0430\u043c\u0435\u043d\u0442\u044b\/\u0430\u043f\u0430\u0440\u0442\u0430\u043c\u0435\u043d\u0442\u044b-\u043f\u043b\u044f\u0436\/","og_site_name":"Valgevilla | kontaktivaba Toila majutus","twitter_card":"summary_large_image","schema":{"@context":"https:\/\/schema.org","@graph":[{"@type":"WebPage","@id":"https:\/\/www.valgevilla.ee\/ru\/%d0%bd%d0%b0%d1%88%d0%b8-%d0%b0%d0%bf%d0%b0%d1%80%d1%82%d0%b0%d0%bc%d0%b5%d0%bd%d1%82%d1%8b\/%d0%b0%d0%bf%d0%b0%d1%80%d1%82%d0%b0%d0%bc%d0%b5%d0%bd%d1%82%d1%8b-%d0%bf%d0%bb%d1%8f%d0%b6\/","url":"https:\/\/www.valgevilla.ee\/ru\/%d0%bd%d0%b0%d1%88%d0%b8-%d0%b0%d0%bf%d0%b0%d1%80%d1%82%d0%b0%d0%bc%d0%b5%d0%bd%d1%82%d1%8b\/%d0%b0%d0%bf%d0%b0%d1%80%d1%82%d0%b0%d0%bc%d0%b5%d0%bd%d1%82%d1%8b-%d0%bf%d0%bb%d1%8f%d0%b6\/","name":"\u0410\u043f\u0430\u0440\u0442\u0430\u043c\u0435\u043d\u0442\u044b \u00ab\u041f\u041b\u042f\u0416\u00bb - Valgevilla | kontaktivaba Toila majutus","isPartOf":{"@id":"https:\/\/www.valgevilla.ee\/#website"},"datePublished":"2017-09-19T10:27:38+00:00","description":"Valgevilla pakub majutust Toilas. Meil on kaks k\u00fclaliskorterit, mis pakuvad meeldej\u00e4\u00e4vat puhkust Ida-Virumaal!","breadcrumb":{"@id":"https:\/\/www.valgevilla.ee\/ru\/%d0%bd%d0%b0%d1%88%d0%b8-%d0%b0%d0%bf%d0%b0%d1%80%d1%82%d0%b0%d0%bc%d0%b5%d0%bd%d1%82%d1%8b\/%d0%b0%d0%bf%d0%b0%d1%80%d1%82%d0%b0%d0%bc%d0%b5%d0%bd%d1%82%d1%8b-%d0%bf%d0%bb%d1%8f%d0%b6\/#breadcrumb"},"inLanguage":"ru-RU","potentialAction":[{"@type":"ReadAction","target":["https:\/\/www.valgevilla.ee\/ru\/%d0%bd%d0%b0%d1%88%d0%b8-%d0%b0%d0%bf%d0%b0%d1%80%d1%82%d0%b0%d0%bc%d0%b5%d0%bd%d1%82%d1%8b\/%d0%b0%d0%bf%d0%b0%d1%80%d1%82%d0%b0%d0%bc%d0%b5%d0%bd%d1%82%d1%8b-%d0%bf%d0%bb%d1%8f%d0%b6\/"]}]},{"@type":"BreadcrumbList","@id":"https:\/\/www.valgevilla.ee\/ru\/%d0%bd%d0%b0%d1%88%d0%b8-%d0%b0%d0%bf%d0%b0%d1%80%d1%82%d0%b0%d0%bc%d0%b5%d0%bd%d1%82%d1%8b\/%d0%b0%d0%bf%d0%b0%d1%80%d1%82%d0%b0%d0%bc%d0%b5%d0%bd%d1%82%d1%8b-%d0%bf%d0%bb%d1%8f%d0%b6\/#breadcrumb","itemListElement":[{"@type":"ListItem","position":1,"name":"Home","item":"https:\/\/www.valgevilla.ee\/ru\/"},{"@type":"ListItem","position":2,"name":"\u041d\u0430\u0448\u0438 \u0430\u043f\u0430\u0440\u0442\u0430\u043c\u0435\u043d\u0442\u044b","item":"https:\/\/www.valgevilla.ee\/ru\/%d0%bd%d0%b0%d1%88%d0%b8-%d0%b0%d0%bf%d0%b0%d1%80%d1%82%d0%b0%d0%bc%d0%b5%d0%bd%d1%82%d1%8b\/"},{"@type":"ListItem","position":3,"name":"\u0410\u043f\u0430\u0440\u0442\u0430\u043c\u0435\u043d\u0442\u044b \u00ab\u041f\u041b\u042f\u0416\u00bb"}]},{"@type":"WebSite","@id":"https:\/\/www.valgevilla.ee\/#website","url":"https:\/\/www.valgevilla.ee\/","name":"Valgevilla | kontaktivaba Toila majutus","description":"Kontaktivaba majutus Toilas | Toila Spa hotell","potentialAction":[{"@type":"SearchAction","target":{"@type":"EntryPoint","urlTemplate":"https:\/\/www.valgevilla.ee\/?s={search_term_string}"},"query-input":{"@type":"PropertyValueSpecification","valueRequired":true,"valueName":"search_term_string"}}],"inLanguage":"ru-RU"}]}},"_links":{"self":[{"href":"https:\/\/www.valgevilla.ee\/ru\/wp-json\/wp\/v2\/pages\/283","targetHints":{"allow":["GET"]}}],"collection":[{"href":"https:\/\/www.valgevilla.ee\/ru\/wp-json\/wp\/v2\/pages"}],"about":[{"href":"https:\/\/www.valgevilla.ee\/ru\/wp-json\/wp\/v2\/types\/page"}],"author":[{"embeddable":true,"href":"https:\/\/www.valgevilla.ee\/ru\/wp-json\/wp\/v2\/users\/1"}],"replies":[{"embeddable":true,"href":"https:\/\/www.valgevilla.ee\/ru\/wp-json\/wp\/v2\/comments?post=283"}],"version-history":[{"count":1,"href":"https:\/\/www.valgevilla.ee\/ru\/wp-json\/wp\/v2\/pages\/283\/revisions"}],"predecessor-version":[{"id":284,"href":"https:\/\/www.valgevilla.ee\/ru\/wp-json\/wp\/v2\/pages\/283\/revisions\/284"}],"up":[{"embeddable":true,"href":"https:\/\/www.valgevilla.ee\/ru\/wp-json\/wp\/v2\/pages\/279"}],"wp:attachment":[{"href":"https:\/\/www.valgevilla.ee\/ru\/wp-json\/wp\/v2\/media?parent=283"}],"curies":[{"name":"wp","href":"https:\/\/api.w.org\/{rel}","templated":true}]}}