{"id":285,"date":"2017-09-19T13:29:09","date_gmt":"2017-09-19T10:29:09","guid":{"rendered":"https:\/\/www.valgevilla.ee\/?page_id=285"},"modified":"2017-09-19T13:29:43","modified_gmt":"2017-09-19T10:29:43","slug":"%d1%87%d0%b5%d0%bc-%d0%b7%d0%b0%d0%bd%d1%8f%d1%82%d1%8c%d1%81%d1%8f","status":"publish","type":"page","link":"https:\/\/www.valgevilla.ee\/ru\/%d1%87%d0%b5%d0%bc-%d0%b7%d0%b0%d0%bd%d1%8f%d1%82%d1%8c%d1%81%d1%8f\/","title":{"rendered":"\u0427\u0415\u041c \u0417\u0410\u041d\u042f\u0422\u042c\u0421\u042f"},"content":{"rendered":"","protected":false},"excerpt":{"rendered":"","protected":false},"author":1,"featured_media":0,"parent":0,"menu_order":0,"comment_status":"closed","ping_status":"closed","template":"","meta":{"footnotes":""},"class_list":["post-285","page","type-page","status-publish","hentry"],"yoast_head":"<!-- This site is optimized with the Yoast SEO plugin v24.4 - https:\/\/yoast.com\/wordpress\/plugins\/seo\/ -->\n<title>\u0427\u0415\u041c \u0417\u0410\u041d\u042f\u0422\u042c\u0421\u042f - Valgevilla | kontaktivaba Toila majutus<\/title>\n<meta name=\"description\" content=\"Valgevilla pakub majutust Toilas. Meil on kaks k\u00fclaliskorterit, mis pakuvad meeldej\u00e4\u00e4vat puhkust Ida-Virumaal!\" \/>\n<meta name=\"robots\" content=\"index, follow, max-snippet:-1, max-image-preview:large, max-video-preview:-1\" \/>\n<link rel=\"canonical\" href=\"https:\/\/www.valgevilla.ee\/mida-teha\/\" \/>\n<meta property=\"og:locale\" content=\"ru_RU\" \/>\n<meta property=\"og:type\" content=\"article\" \/>\n<meta property=\"og:title\" content=\"\u0427\u0415\u041c \u0417\u0410\u041d\u042f\u0422\u042c\u0421\u042f - Valgevilla | kontaktivaba Toila majutus\" \/>\n<meta property=\"og:description\" content=\"Valgevilla pakub majutust Toilas. Meil on kaks k\u00fclaliskorterit, mis pakuvad meeldej\u00e4\u00e4vat puhkust Ida-Virumaal!\" \/>\n<meta property=\"og:url\" content=\"https:\/\/www.valgevilla.ee\/mida-teha\/\" \/>\n<meta property=\"og:site_name\" content=\"Valgevilla | kontaktivaba Toila majutus\" \/>\n<meta property=\"article:modified_time\" content=\"2017-09-19T10:29:43+00:00\" \/>\n<meta name=\"twitter:card\" content=\"summary_large_image\" \/>\n<script type=\"application\/ld+json\" class=\"yoast-schema-graph\">{\"@context\":\"https:\/\/schema.org\",\"@graph\":[{\"@type\":\"WebPage\",\"@id\":\"https:\/\/www.valgevilla.ee\/mida-teha\/\",\"url\":\"https:\/\/www.valgevilla.ee\/mida-teha\/\",\"name\":\"\u0427\u0415\u041c \u0417\u0410\u041d\u042f\u0422\u042c\u0421\u042f - Valgevilla | kontaktivaba Toila majutus\",\"isPartOf\":{\"@id\":\"https:\/\/www.valgevilla.ee\/#website\"},\"datePublished\":\"2017-09-19T10:29:09+00:00\",\"dateModified\":\"2017-09-19T10:29:43+00:00\",\"description\":\"Valgevilla pakub majutust Toilas. Meil on kaks k\u00fclaliskorterit, mis pakuvad meeldej\u00e4\u00e4vat puhkust Ida-Virumaal!\",\"breadcrumb\":{\"@id\":\"https:\/\/www.valgevilla.ee\/mida-teha\/#breadcrumb\"},\"inLanguage\":\"ru-RU\",\"potentialAction\":[{\"@type\":\"ReadAction\",\"target\":[\"https:\/\/www.valgevilla.ee\/mida-teha\/\"]}]},{\"@type\":\"BreadcrumbList\",\"@id\":\"https:\/\/www.valgevilla.ee\/mida-teha\/#breadcrumb\",\"itemListElement\":[{\"@type\":\"ListItem\",\"position\":1,\"name\":\"Home\",\"item\":\"https:\/\/www.valgevilla.ee\/ru\/\"},{\"@type\":\"ListItem\",\"position\":2,\"name\":\"\u0427\u0415\u041c \u0417\u0410\u041d\u042f\u0422\u042c\u0421\u042f\"}]},{\"@type\":\"WebSite\",\"@id\":\"https:\/\/www.valgevilla.ee\/#website\",\"url\":\"https:\/\/www.valgevilla.ee\/\",\"name\":\"Valgevilla | kontaktivaba Toila majutus\",\"description\":\"Kontaktivaba majutus Toilas | Toila Spa hotell\",\"potentialAction\":[{\"@type\":\"SearchAction\",\"target\":{\"@type\":\"EntryPoint\",\"urlTemplate\":\"https:\/\/www.valgevilla.ee\/?s={search_term_string}\"},\"query-input\":{\"@type\":\"PropertyValueSpecification\",\"valueRequired\":true,\"valueName\":\"search_term_string\"}}],\"inLanguage\":\"ru-RU\"}]}<\/script>\n<!-- \/ Yoast SEO plugin. -->","yoast_head_json":{"title":"\u0427\u0415\u041c \u0417\u0410\u041d\u042f\u0422\u042c\u0421\u042f - Valgevilla | kontaktivaba Toila majutus","description":"Valgevilla pakub majutust Toilas. Meil on kaks k\u00fclaliskorterit, mis pakuvad meeldej\u00e4\u00e4vat puhkust Ida-Virumaal!","robots":{"index":"index","follow":"follow","max-snippet":"max-snippet:-1","max-image-preview":"max-image-preview:large","max-video-preview":"max-video-preview:-1"},"canonical":"https:\/\/www.valgevilla.ee\/mida-teha\/","og_locale":"ru_RU","og_type":"article","og_title":"\u0427\u0415\u041c \u0417\u0410\u041d\u042f\u0422\u042c\u0421\u042f - Valgevilla | kontaktivaba Toila majutus","og_description":"Valgevilla pakub majutust Toilas. Meil on kaks k\u00fclaliskorterit, mis pakuvad meeldej\u00e4\u00e4vat puhkust Ida-Virumaal!","og_url":"https:\/\/www.valgevilla.ee\/mida-teha\/","og_site_name":"Valgevilla | kontaktivaba Toila majutus","article_modified_time":"2017-09-19T10:29:43+00:00","twitter_card":"summary_large_image","schema":{"@context":"https:\/\/schema.org","@graph":[{"@type":"WebPage","@id":"https:\/\/www.valgevilla.ee\/mida-teha\/","url":"https:\/\/www.valgevilla.ee\/mida-teha\/","name":"\u0427\u0415\u041c \u0417\u0410\u041d\u042f\u0422\u042c\u0421\u042f - Valgevilla | kontaktivaba Toila majutus","isPartOf":{"@id":"https:\/\/www.valgevilla.ee\/#website"},"datePublished":"2017-09-19T10:29:09+00:00","dateModified":"2017-09-19T10:29:43+00:00","description":"Valgevilla pakub majutust Toilas. Meil on kaks k\u00fclaliskorterit, mis pakuvad meeldej\u00e4\u00e4vat puhkust Ida-Virumaal!","breadcrumb":{"@id":"https:\/\/www.valgevilla.ee\/mida-teha\/#breadcrumb"},"inLanguage":"ru-RU","potentialAction":[{"@type":"ReadAction","target":["https:\/\/www.valgevilla.ee\/mida-teha\/"]}]},{"@type":"BreadcrumbList","@id":"https:\/\/www.valgevilla.ee\/mida-teha\/#breadcrumb","itemListElement":[{"@type":"ListItem","position":1,"name":"Home","item":"https:\/\/www.valgevilla.ee\/ru\/"},{"@type":"ListItem","position":2,"name":"\u0427\u0415\u041c \u0417\u0410\u041d\u042f\u0422\u042c\u0421\u042f"}]},{"@type":"WebSite","@id":"https:\/\/www.valgevilla.ee\/#website","url":"https:\/\/www.valgevilla.ee\/","name":"Valgevilla | kontaktivaba Toila majutus","description":"Kontaktivaba majutus Toilas | Toila Spa hotell","potentialAction":[{"@type":"SearchAction","target":{"@type":"EntryPoint","urlTemplate":"https:\/\/www.valgevilla.ee\/?s={search_term_string}"},"query-input":{"@type":"PropertyValueSpecification","valueRequired":true,"valueName":"search_term_string"}}],"inLanguage":"ru-RU"}]}},"_links":{"self":[{"href":"https:\/\/www.valgevilla.ee\/ru\/wp-json\/wp\/v2\/pages\/285","targetHints":{"allow":["GET"]}}],"collection":[{"href":"https:\/\/www.valgevilla.ee\/ru\/wp-json\/wp\/v2\/pages"}],"about":[{"href":"https:\/\/www.valgevilla.ee\/ru\/wp-json\/wp\/v2\/types\/page"}],"author":[{"embeddable":true,"href":"https:\/\/www.valgevilla.ee\/ru\/wp-json\/wp\/v2\/users\/1"}],"replies":[{"embeddable":true,"href":"https:\/\/www.valgevilla.ee\/ru\/wp-json\/wp\/v2\/comments?post=285"}],"version-history":[{"count":2,"href":"https:\/\/www.valgevilla.ee\/ru\/wp-json\/wp\/v2\/pages\/285\/revisions"}],"predecessor-version":[{"id":288,"href":"https:\/\/www.valgevilla.ee\/ru\/wp-json\/wp\/v2\/pages\/285\/revisions\/288"}],"wp:attachment":[{"href":"https:\/\/www.valgevilla.ee\/ru\/wp-json\/wp\/v2\/media?parent=285"}],"curies":[{"name":"wp","href":"https:\/\/api.w.org\/{rel}","templated":true}]}}