{"id":295,"date":"2017-09-19T13:51:03","date_gmt":"2017-09-19T10:51:03","guid":{"rendered":"https:\/\/www.valgevilla.ee\/?page_id=295"},"modified":"2017-09-19T13:51:03","modified_gmt":"2017-09-19T10:51:03","slug":"%d0%be%d0%b1%d1%80%d0%b0%d1%82%d0%bd%d0%b0%d1%8f-%d1%81%d0%b2%d1%8f%d0%b7%d1%8c","status":"publish","type":"page","link":"https:\/\/www.valgevilla.ee\/ru\/%d0%be%d0%b1%d1%80%d0%b0%d1%82%d0%bd%d0%b0%d1%8f-%d1%81%d0%b2%d1%8f%d0%b7%d1%8c\/","title":{"rendered":"\u041e\u0431\u0440\u0430\u0442\u043d\u0430\u044f \u0441\u0432\u044f\u0437\u044c"},"content":{"rendered":"<div class=\"wpb-content-wrapper\">[vc_row][vc_column][vc_custom_heading text=&#187;\u041e\u0431\u0440\u0430\u0442\u043d\u0430\u044f \u0441\u0432\u044f\u0437\u044c&#187; font_container=&#187;tag:h1|font_size:50px|text_align:left|color:%23ffffff|line_height:55px&#187; google_fonts=&#187;font_family:Quicksand%3A300%2Cregular%2C700|font_style:400%20regular%3A400%3Anormal&#187;][\/vc_column][\/vc_row][vc_row][vc_column][vc_column_text]09.08.16 Meeli\u00fclendav puhkus Valgevillas. Hea asukoht , suurep\u00e4rases korras ja mugav apartement. Marika (EE)<\/p>\n<hr \/>\n<p>22.07. Parem kui piltidel<i>.\u00a0<\/i>Asukoht on v\u00e4ga vinge. Olemas olid k\u00f5ikv\u00f5imalikud eluks vajalikud v\u00f5i v\u00e4hemvajalikud asjad. Anon\u00fc\u00fcmne (EE)<\/p>\n<p>25.04.16 Ilus m\u00e4lestus pere keskel<i>.\u00a0<\/i>Omaette olek, lastele meeldisid m\u00e4nguasjad ja kodusus. (<span class=\"review-guest-name\">Leilinde<\/span>,\u00a0<span class=\"review-guest-ufi\">(EE)<\/span><\/p>\n<hr \/>\n<p>08.03.16 Hubane apartament, maja imelises Oru pargis<i>.<\/i>\u00a0Sobib suurep\u00e4raselt lastega perele, aga ka neljale t\u00e4iskasvanule. K\u00f6\u00f6gis olemas k\u00f5ik vajalik, mugav ja puhas. (<span class=\"review-guest-name\">Jelena<\/span>,\u00a0<span class=\"review-guest-ufi\">(EE)<\/span><\/p>\n<hr \/>\n<p>17.11.15 5+<i>\u00a0<\/i>K\u00f5ik oli \u00fcliviis, ruumikas ja k\u00f5igi mugavustega. Ainus miinus, et me kauemaks ei j\u00e4\u00e4nud. (<span class=\"review-guest-name\">Heiki<\/span>,\u00a0<span class=\"review-guest-ufi\">(EE)<\/span><\/p>\n<hr \/>\n<p>19.09.15 Parim!<i>\u00a0<\/i>See on praeguseks parim koht, kus ma iialgi peatunud. Selles kohas on suudetud luua suurep\u00e4rase atmosf\u00e4\u00e4ri: privaatsus, usaldusv\u00e4\u00e4rsus, hubasus, romantika, mugavus iga asja juures \u2013 super!<i>\u00a0<\/i>\u00dcritasime leida midagi, mille kallal saaks norida, kuid meil see ei \u00f5nnestunud. See koht on suurep\u00e4rane! (<span class=\"review-guest-name\">Julija<\/span>,\u00a0<span class=\"review-guest-ufi\">(EE)<\/span><\/p>\n<hr \/>\n<p>16.08.15 M\u00f5nusalt hubane ja kodune korter!<i>\u00a0<\/i>Hubane, puhas, piisavalt ruumi, h\u00e4sti l\u00e4bi m\u00f5eldud kujundus ja sisustus. Meeldis, et oli laste peale m\u00f5eldud. K\u00f5ik vajalik oli olemas ja isegi enam. Super koht! V\u00e4ga m\u00f5nus ja armas koht, tahan sinna kindlasti tagasi minna. Saab ennast tunda nagu kodus. (<span class=\"review-guest-name\">Kati<\/span>,\u00a0<span class=\"review-guest-ufi\">(EE).<\/span>[\/vc_column_text][\/vc_column][\/vc_row]\n<\/div>","protected":false},"excerpt":{"rendered":"<p>[vc_row][vc_column][vc_custom_heading text=&#187;\u041e\u0431\u0440\u0430\u0442\u043d\u0430\u044f \u0441\u0432\u044f\u0437\u044c&#187; font_container=&#187;tag:h1|font_size:50px|text_align:left|color:%23ffffff|line_height:55px&#187; google_fonts=&#187;font_family:Quicksand%3A300%2Cregular%2C700|font_style:400%20regular%3A400%3Anormal&#187;][\/vc_column][\/vc_row][vc_row][vc_column][vc_column_text]09.08.16 Meeli\u00fclendav puhkus Valgevillas. Hea asukoht , suurep\u00e4rases korras ja mugav apartement. Marika (EE) 22.07. Parem kui piltidel.\u00a0Asukoht on v\u00e4ga vinge. Olemas olid k\u00f5ikv\u00f5imalikud eluks vajalikud v\u00f5i v\u00e4hemvajalikud asjad. Anon\u00fc\u00fcmne (EE) 25.04.16 Ilus m\u00e4lestus pere keskel.\u00a0Omaette olek, lastele meeldisid m\u00e4nguasjad ja kodusus. (Leilinde,\u00a0(EE) 08.03.16 Hubane apartament, maja imelises Oru pargis.\u00a0Sobib suurep\u00e4raselt&#8230;<\/p>\n","protected":false},"author":1,"featured_media":0,"parent":0,"menu_order":0,"comment_status":"closed","ping_status":"closed","template":"","meta":{"footnotes":""},"class_list":["post-295","page","type-page","status-publish","hentry"],"yoast_head":"<!-- This site is optimized with the Yoast SEO plugin v24.4 - https:\/\/yoast.com\/wordpress\/plugins\/seo\/ -->\n<title>\u041e\u0431\u0440\u0430\u0442\u043d\u0430\u044f \u0441\u0432\u044f\u0437\u044c - Valgevilla | kontaktivaba Toila majutus<\/title>\n<meta name=\"description\" content=\"Valgevilla pakub majutust Toilas. Meil on kaks k\u00fclaliskorterit, mis pakuvad meeldej\u00e4\u00e4vat puhkust Ida-Virumaal!\" \/>\n<meta name=\"robots\" content=\"index, follow, max-snippet:-1, max-image-preview:large, max-video-preview:-1\" \/>\n<link rel=\"canonical\" href=\"https:\/\/www.valgevilla.ee\/tagasiside\/\" \/>\n<meta property=\"og:locale\" content=\"ru_RU\" \/>\n<meta property=\"og:type\" content=\"article\" \/>\n<meta property=\"og:title\" content=\"\u041e\u0431\u0440\u0430\u0442\u043d\u0430\u044f \u0441\u0432\u044f\u0437\u044c - Valgevilla | kontaktivaba Toila majutus\" \/>\n<meta property=\"og:description\" content=\"Valgevilla pakub majutust Toilas. Meil on kaks k\u00fclaliskorterit, mis pakuvad meeldej\u00e4\u00e4vat puhkust Ida-Virumaal!\" \/>\n<meta property=\"og:url\" content=\"https:\/\/www.valgevilla.ee\/tagasiside\/\" \/>\n<meta property=\"og:site_name\" content=\"Valgevilla | kontaktivaba Toila majutus\" \/>\n<meta name=\"twitter:card\" content=\"summary_large_image\" \/>\n<meta name=\"twitter:label1\" content=\"\u041f\u0440\u0438\u043c\u0435\u0440\u043d\u043e\u0435 \u0432\u0440\u0435\u043c\u044f \u0434\u043b\u044f \u0447\u0442\u0435\u043d\u0438\u044f\" \/>\n\t<meta name=\"twitter:data1\" content=\"1 \u043c\u0438\u043d\u0443\u0442\u0430\" \/>\n<script type=\"application\/ld+json\" class=\"yoast-schema-graph\">{\"@context\":\"https:\/\/schema.org\",\"@graph\":[{\"@type\":\"WebPage\",\"@id\":\"https:\/\/www.valgevilla.ee\/tagasiside\/\",\"url\":\"https:\/\/www.valgevilla.ee\/tagasiside\/\",\"name\":\"\u041e\u0431\u0440\u0430\u0442\u043d\u0430\u044f \u0441\u0432\u044f\u0437\u044c - Valgevilla | kontaktivaba Toila majutus\",\"isPartOf\":{\"@id\":\"https:\/\/www.valgevilla.ee\/#website\"},\"datePublished\":\"2017-09-19T10:51:03+00:00\",\"description\":\"Valgevilla pakub majutust Toilas. Meil on kaks k\u00fclaliskorterit, mis pakuvad meeldej\u00e4\u00e4vat puhkust Ida-Virumaal!\",\"breadcrumb\":{\"@id\":\"https:\/\/www.valgevilla.ee\/tagasiside\/#breadcrumb\"},\"inLanguage\":\"ru-RU\",\"potentialAction\":[{\"@type\":\"ReadAction\",\"target\":[\"https:\/\/www.valgevilla.ee\/tagasiside\/\"]}]},{\"@type\":\"BreadcrumbList\",\"@id\":\"https:\/\/www.valgevilla.ee\/tagasiside\/#breadcrumb\",\"itemListElement\":[{\"@type\":\"ListItem\",\"position\":1,\"name\":\"Home\",\"item\":\"https:\/\/www.valgevilla.ee\/ru\/\"},{\"@type\":\"ListItem\",\"position\":2,\"name\":\"\u041e\u0431\u0440\u0430\u0442\u043d\u0430\u044f \u0441\u0432\u044f\u0437\u044c\"}]},{\"@type\":\"WebSite\",\"@id\":\"https:\/\/www.valgevilla.ee\/#website\",\"url\":\"https:\/\/www.valgevilla.ee\/\",\"name\":\"Valgevilla | kontaktivaba Toila majutus\",\"description\":\"Kontaktivaba majutus Toilas | Toila Spa hotell\",\"potentialAction\":[{\"@type\":\"SearchAction\",\"target\":{\"@type\":\"EntryPoint\",\"urlTemplate\":\"https:\/\/www.valgevilla.ee\/?s={search_term_string}\"},\"query-input\":{\"@type\":\"PropertyValueSpecification\",\"valueRequired\":true,\"valueName\":\"search_term_string\"}}],\"inLanguage\":\"ru-RU\"}]}<\/script>\n<!-- \/ Yoast SEO plugin. -->","yoast_head_json":{"title":"\u041e\u0431\u0440\u0430\u0442\u043d\u0430\u044f \u0441\u0432\u044f\u0437\u044c - Valgevilla | kontaktivaba Toila majutus","description":"Valgevilla pakub majutust Toilas. Meil on kaks k\u00fclaliskorterit, mis pakuvad meeldej\u00e4\u00e4vat puhkust Ida-Virumaal!","robots":{"index":"index","follow":"follow","max-snippet":"max-snippet:-1","max-image-preview":"max-image-preview:large","max-video-preview":"max-video-preview:-1"},"canonical":"https:\/\/www.valgevilla.ee\/tagasiside\/","og_locale":"ru_RU","og_type":"article","og_title":"\u041e\u0431\u0440\u0430\u0442\u043d\u0430\u044f \u0441\u0432\u044f\u0437\u044c - Valgevilla | kontaktivaba Toila majutus","og_description":"Valgevilla pakub majutust Toilas. Meil on kaks k\u00fclaliskorterit, mis pakuvad meeldej\u00e4\u00e4vat puhkust Ida-Virumaal!","og_url":"https:\/\/www.valgevilla.ee\/tagasiside\/","og_site_name":"Valgevilla | kontaktivaba Toila majutus","twitter_card":"summary_large_image","twitter_misc":{"\u041f\u0440\u0438\u043c\u0435\u0440\u043d\u043e\u0435 \u0432\u0440\u0435\u043c\u044f \u0434\u043b\u044f \u0447\u0442\u0435\u043d\u0438\u044f":"1 \u043c\u0438\u043d\u0443\u0442\u0430"},"schema":{"@context":"https:\/\/schema.org","@graph":[{"@type":"WebPage","@id":"https:\/\/www.valgevilla.ee\/tagasiside\/","url":"https:\/\/www.valgevilla.ee\/tagasiside\/","name":"\u041e\u0431\u0440\u0430\u0442\u043d\u0430\u044f \u0441\u0432\u044f\u0437\u044c - Valgevilla | kontaktivaba Toila majutus","isPartOf":{"@id":"https:\/\/www.valgevilla.ee\/#website"},"datePublished":"2017-09-19T10:51:03+00:00","description":"Valgevilla pakub majutust Toilas. Meil on kaks k\u00fclaliskorterit, mis pakuvad meeldej\u00e4\u00e4vat puhkust Ida-Virumaal!","breadcrumb":{"@id":"https:\/\/www.valgevilla.ee\/tagasiside\/#breadcrumb"},"inLanguage":"ru-RU","potentialAction":[{"@type":"ReadAction","target":["https:\/\/www.valgevilla.ee\/tagasiside\/"]}]},{"@type":"BreadcrumbList","@id":"https:\/\/www.valgevilla.ee\/tagasiside\/#breadcrumb","itemListElement":[{"@type":"ListItem","position":1,"name":"Home","item":"https:\/\/www.valgevilla.ee\/ru\/"},{"@type":"ListItem","position":2,"name":"\u041e\u0431\u0440\u0430\u0442\u043d\u0430\u044f \u0441\u0432\u044f\u0437\u044c"}]},{"@type":"WebSite","@id":"https:\/\/www.valgevilla.ee\/#website","url":"https:\/\/www.valgevilla.ee\/","name":"Valgevilla | kontaktivaba Toila majutus","description":"Kontaktivaba majutus Toilas | Toila Spa hotell","potentialAction":[{"@type":"SearchAction","target":{"@type":"EntryPoint","urlTemplate":"https:\/\/www.valgevilla.ee\/?s={search_term_string}"},"query-input":{"@type":"PropertyValueSpecification","valueRequired":true,"valueName":"search_term_string"}}],"inLanguage":"ru-RU"}]}},"_links":{"self":[{"href":"https:\/\/www.valgevilla.ee\/ru\/wp-json\/wp\/v2\/pages\/295","targetHints":{"allow":["GET"]}}],"collection":[{"href":"https:\/\/www.valgevilla.ee\/ru\/wp-json\/wp\/v2\/pages"}],"about":[{"href":"https:\/\/www.valgevilla.ee\/ru\/wp-json\/wp\/v2\/types\/page"}],"author":[{"embeddable":true,"href":"https:\/\/www.valgevilla.ee\/ru\/wp-json\/wp\/v2\/users\/1"}],"replies":[{"embeddable":true,"href":"https:\/\/www.valgevilla.ee\/ru\/wp-json\/wp\/v2\/comments?post=295"}],"version-history":[{"count":1,"href":"https:\/\/www.valgevilla.ee\/ru\/wp-json\/wp\/v2\/pages\/295\/revisions"}],"predecessor-version":[{"id":296,"href":"https:\/\/www.valgevilla.ee\/ru\/wp-json\/wp\/v2\/pages\/295\/revisions\/296"}],"wp:attachment":[{"href":"https:\/\/www.valgevilla.ee\/ru\/wp-json\/wp\/v2\/media?parent=295"}],"curies":[{"name":"wp","href":"https:\/\/api.w.org\/{rel}","templated":true}]}}